{"id":5913,"date":"2023-04-28T15:54:02","date_gmt":"2023-04-28T13:54:02","guid":{"rendered":"https:\/\/consuladouy-bcn.es\/httpdocs\/?page_id=5913"},"modified":"2024-04-04T10:11:04","modified_gmt":"2024-04-04T08:11:04","slug":"terminos-y-condiciones-de-uso","status":"publish","type":"page","link":"https:\/\/consuladouy-bcn.es\/httpdocs\/terminos-y-condiciones-de-uso\/","title":{"rendered":"T\u00e9rminos y Condiciones de Uso"},"content":{"rendered":"\n<p><strong>T\u00e9rminos y condiciones de uso<\/strong><\/p>\n\n\n\n<p>Lea atentamente los siguientes T\u00e9rminos y Condiciones de Uso (en adelante e indistintamente T\u00e9rminos) del&nbsp;<strong>consuladouy-bcn.es <\/strong>(en adelante e indistintamente Portal) titularidad del Consulado General de la Rep\u00fablica Oriental del Uruguay en Barcelona, con domicilio en Avda. Diagonal 453 Bis, 4\u00ba Izquierda, 08036, Barcelona, Espa\u00f1a.<\/p>\n\n\n\n<p>En virtud que los T\u00e9rminos pueden ser modificados en cualquier momento por el Consulado General de la Rep\u00fablica Oriental del Uruguay en Barcelona, as\u00ed como por el MRREE, se recomienda al usuario su atenta lectura en cada una de las ocasiones en que se proponga utilizar el sitio. Las nuevas versiones entrar\u00e1n en vigor a partir del momento de su publicaci\u00f3n en el Portal del MREE, o del Consulado General de la Rep\u00fablica Oriental del Uruguay en Barcelona.<\/p>\n\n\n\n<ol class=\"wp-block-list\">\n<li><strong>Objeto del Portal<\/strong><\/li>\n<\/ol>\n\n\n\n<p>El Portal es una herramienta del Consulado General de la Rep\u00fablica Oriental del Uruguay en Barcelona, y del&nbsp; Ministerio de Relaciones Exteriores, que<strong> forma parte de la iniciativa portal gub.uy<\/strong> y tiene como objetivo facilitar la interacci\u00f3n de forma \u00e1gil, de las personas con los contenidos publicados, brindando informaci\u00f3n detallada y acceso directo a los servicios disponibles en l\u00ednea.<\/p>\n\n\n\n<ol class=\"wp-block-list\" start=\"2\">\n<li><strong>Condici\u00f3n de usuario<\/strong><\/li>\n<\/ol>\n\n\n\n<p>Se considera usuario a los efectos de estos T\u00e9rminos cualquier persona f\u00edsica, jur\u00eddica o entidad p\u00fablica, estatal o no, que ingrese al sitio para recorrer, conocer e informarse o utilice el Portal y su contenido, directamente o a trav\u00e9s de una aplicaci\u00f3n inform\u00e1tica.<\/p>\n\n\n\n<ol class=\"wp-block-list\" start=\"3\">\n<li><strong>Condiciones de acceso y utilizaci\u00f3n del sitio web<\/strong><\/li>\n<\/ol>\n\n\n\n<p>La utilizaci\u00f3n del Portal tiene car\u00e1cter gratuito para el usuario, quien se obliga a utilizarlo respetando la normativa nacional vigente en Uruguay<strong> y supletoriamente en la Uni\u00f3n Europea en cuanto resulten compatibles y no contradictorias<\/strong>, las buenas costumbres y el orden p\u00fablico, comprometi\u00e9ndose en todos los casos a no causar da\u00f1os al Consulado General de la Rep\u00fablica Oriental del Uruguay en Barcelona, al Ministerio de Relaciones Exteriores, a otro usuario o a terceros.<\/p>\n\n\n\n<p>En su m\u00e9rito, el usuario se abstendr\u00e1 de utilizar el Portal, sus contenidos o cualquiera de sus servicios con fines o efectos il\u00edcitos, prohibidos en estos T\u00e9rminos, en normas t\u00e9cnicas o jur\u00eddicas, lesivos de los derechos e intereses del Consulado General de la Rep\u00fablica Oriental del Uruguay en Barcelona, del Ministerio de Relaciones Exteriores, de otros usuarios o de terceros, o que de cualquier forma puedan da\u00f1ar, inutilizar, sobrecargar, deteriorar o impedir la normal utilizaci\u00f3n del Portal, sus servicios o contenidos, as\u00ed como de cualquier equipo inform\u00e1tico del Consulado General de la Rep\u00fablica Oriental del Uruguay en Barcelona, del Ministerio de Relaciones Exteriores, de otros usuarios o de terceros.<\/p>\n\n\n\n<p>Salvo indicaci\u00f3n en contrario, la informaci\u00f3n contenida en el Portal ser\u00e1 considerada de car\u00e1cter p\u00fablico. Cuando su uso o tratamiento est\u00e9n sujetos a alg\u00fan tipo de restricci\u00f3n deber\u00e1 estarse a lo indicado expresamente en ese caso.<\/p>\n\n\n\n<ol class=\"wp-block-list\" start=\"4\">\n<li><strong>Obligaciones de los usuarios<\/strong><\/li>\n<\/ol>\n\n\n\n<p>El usuario se obliga a:<\/p>\n\n\n\n<p>No da\u00f1ar, inutilizar o deteriorar los sistemas inform\u00e1ticos que sustentan el Portal, los del Consulado General de la Rep\u00fablica Oriental del Uruguay en Barcelona, de otros usuarios o de terceros, ni los contenidos incorporados y\/o almacenados en estos.<\/p>\n\n\n\n<p>No modificar los referidos sistemas de ninguna manera y, consecuentemente, no utilizar versiones de sistemas modificados con el fin de obtener acceso no autorizado a cualquier contenido ni servicios del sitio.<\/p>\n\n\n\n<p>No interferir ni interrumpir el acceso y utilizaci\u00f3n del Portal, servidores o redes conectados a este o incumplir los requisitos, procedimientos y regulaciones de la pol\u00edtica de conexi\u00f3n de redes.<\/p>\n\n\n\n<p>El Consulado General de la Rep\u00fablica Oriental del Uruguay en Barcelona, podr\u00e1 actuar, por los medios que considere pertinentes y oportunos, contra cualquier utilizaci\u00f3n del Portal por usuarios o de terceros que se oponga a estos T\u00e9rminos, infrinja o vulnere derechos de propiedad intelectual, as\u00ed como cualquier otro derecho del Consulado General de la Rep\u00fablica Oriental del Uruguay, de otros usuarios o de terceros.<\/p>\n\n\n\n<p>El Consulado General de la Rep\u00fablica Oriental del Uruguay&nbsp; se reserva la facultad de modificar, en cualquier momento y sin previo aviso, la presentaci\u00f3n, configuraci\u00f3n, contenidos y servicios del Portal <strong>consuladouy-bcn.es<\/strong>, pudiendo interrumpir, desactivar y\/o cancelar cualquiera de los contenidos y\/o servicios presentados, integrados o incorporados a este, sin expresi\u00f3n de causa y sin responsabilidad.<\/p>\n\n\n\n<ol class=\"wp-block-list\" start=\"5\">\n<li><strong>Propiedad Intelectual<\/strong><\/li>\n<\/ol>\n\n\n\n<p>Todas las marcas, nombres comerciales o signos distintivos de cualquier clase que eventualmente aparezcan en este sitio web son propiedad del Consulado General de la Rep\u00fablica Oriental del Uruguay en Barcelona, del Ministerio de Relaciones Exteriores o de terceros titulares de las mismas, sin que pueda entenderse que el uso o acceso al sitio atribuye al usuario derecho alguno sobre las citadas marcas, nombres comerciales o signos distintivos de cualquier clase.<\/p>\n\n\n\n<ol class=\"wp-block-list\" start=\"6\">\n<li><strong>Responsabilidad del titular del Portal<\/strong><\/li>\n<\/ol>\n\n\n\n<p>La veracidad, integridad y actualidad de los contenidos publicados en el Portal son de exclusiva responsabilidad de quien los proporciona.<\/p>\n\n\n\n<p>El Consulado General de la Rep\u00fablica Oriental del Uruguay en Barcelona, y el Gobierno de la&nbsp; Rep\u00fablica, se exoneran de cualquier responsabilidad por los da\u00f1os y perjuicios de toda y cualquier naturaleza que puedan deberse a la falta de disponibilidad o continuidad del funcionamiento del Portal, servicios o contenidos, en particular aunque no de modo exclusivo, a su fiabilidad, a los fallos en el acceso a las distintas p\u00e1ginas web o a aquellas desde las que se prestan los servicios o contenidos.<\/p>\n\n\n\n<p>Se procurar\u00e1 anunciar las interrupciones programadas.<\/p>\n\n\n\n<ol class=\"wp-block-list\" start=\"7\">\n<li><strong>Enlaces a terceros sitios o portales.<\/strong><\/li>\n<\/ol>\n\n\n\n<p>El Portal puede contener dispositivos t\u00e9cnicos de enlace (tales como links, banners, botones) que permiten acceder a sitios web pertenecientes a terceros, con el \u00fanico objeto de facilitar a los usuarios la b\u00fasqueda y acceso a otros sitios y\/o contenidos disponibles en Internet.<\/p>\n\n\n\n<p>Los enlaces a otros sitios web, servicios o contenidos, no implican aprobaci\u00f3n, en forma alguna, por lo que el Consulado General de la Rep\u00fablica Oriental del Uruguay y el Ministerio de Relaciones Exteriores en su m\u00e9rito, se deslindan toda responsabilidad contractual, legal o de cualquier otra \u00edndole que pudiera derivarse, a modo de ejemplo, por la precisi\u00f3n y uso de los servicios y\/o contenidos enlazados.<\/p>\n\n\n\n<ol class=\"wp-block-list\" start=\"8\">\n<li><strong>Duraci\u00f3n y terminaci\u00f3n<\/strong><\/li>\n<\/ol>\n\n\n\n<p>El Portal, sus servicios y contenidos tienen una duraci\u00f3n indeterminada. Sin perjuicio de ello, podr\u00e1 ser suspendido temporal o definitivamente, total o parcialmente, por el Consulado General de la Rep\u00fablica Oriental del Uruguay, o la autoridades uruguayas competentes, sin expresi\u00f3n de causa y sin responsabilidad, cuando entiendan que no est\u00e1n dadas las condiciones para su continuidad.<\/p>\n\n\n\n<ol class=\"wp-block-list\" start=\"9\">\n<li><strong>Protecci\u00f3n de datos personales<\/strong><\/li>\n<\/ol>\n\n\n\n<p>Los datos personales proporcionados en el marco del uso del Portal ser\u00e1n tratados por Presidencia de la Rep\u00fablica seg\u00fan lo establecido en la Ley N\u00ba 18.331 del 11 de agosto de 2008 y su decreto reglamentario N\u00ba 414\/2009 del 31 de agosto de 2009.<\/p>\n\n\n\n<p>El Consulado General de la Rep\u00fablica Oriental del Uruguay podr\u00e1 utilizar cookies cuando se utilice el Portal. No obstante, el usuario podr\u00e1 configurar su navegador para ser avisado de la recepci\u00f3n de las cookies e impedir en caso de considerarlo adecuado, su instalaci\u00f3n en el disco duro.<\/p>\n\n\n\n<ol class=\"wp-block-list\" start=\"10\">\n<li><strong>Retiro y suspensi\u00f3n de los servicios<\/strong><\/li>\n<\/ol>\n\n\n\n<p>El Consulado General de la Rep\u00fablica Oriental del Uruguay&nbsp; y las autoridades competentes podr\u00e1n retirar o suspender, en cualquier momento y sin necesidad de previo aviso, la prestaci\u00f3n de los servicios del Portal a aquellos usuarios que incumplan lo establecido en los presentes T\u00e9rminos.<\/p>\n\n\n\n<ol class=\"wp-block-list\" start=\"11\">\n<li><strong>Legislaci\u00f3n aplicable y jurisdicci\u00f3n competente<\/strong><\/li>\n<\/ol>\n\n\n\n<p>Toda controversia derivada de la aplicaci\u00f3n e interpretaci\u00f3n de los presentes T\u00e9rminos de Uso, ser\u00e1 competencia de los jueces y tribunales ordinarios de la ciudad de Montevideo, Rep\u00fablica Oriental del Uruguay.<\/p>\n\n\n\n<p><strong>La ley aplicable ser\u00e1 la de la Rep\u00fablica Oriental del Uruguay.<\/strong><\/p>\n\n\n\n<ol class=\"wp-block-list\" start=\"12\">\n<li><strong>Procedimiento para denunciar contenidos<\/strong><\/li>\n<\/ol>\n\n\n\n<p>En caso de contenido err\u00f3neo, incompleto, desactualizado, que vulnere derechos de propiedad intelectual o ante cualquier otra situaci\u00f3n irregular de hecho o de derecho, el usuario podr\u00e1 comunicarse a trav\u00e9s del correo electr\u00f3nico: _____@________ Contacto<\/p>\n\n\n\n<p>Por cualquier, queja, sugerencia o propuesta de colaboraci\u00f3n, escr\u00edbanos a _____@________<\/p>\n","protected":false},"excerpt":{"rendered":"<p>T\u00e9rminos y condiciones de uso Lea atentamente los siguientes T\u00e9rminos y Condiciones de Uso (en adelante e indistintamente T\u00e9rminos) del&nbsp;consuladouy-bcn.es (en adelante e indistintamente Portal) titularidad del Consulado General de la Rep\u00fablica Oriental del Uruguay en Barcelona, con domicilio en Avda. Diagonal 453 Bis, 4\u00ba Izquierda, 08036, Barcelona, Espa\u00f1a. En virtud que los T\u00e9rminos pueden&#8230;<\/p>\n","protected":false},"author":6444,"featured_media":0,"parent":0,"menu_order":0,"comment_status":"closed","ping_status":"closed","template":"","meta":{"_kad_post_transparent":"","_kad_post_title":"show","_kad_post_layout":"narrow","_kad_post_sidebar_id":"","_kad_post_content_style":"","_kad_post_vertical_padding":"show","_kad_post_feature":"","_kad_post_feature_position":"","_kad_post_header":false,"_kad_post_footer":false,"footnotes":""},"class_list":["post-5913","page","type-page","status-publish","hentry"],"_links":{"self":[{"href":"https:\/\/consuladouy-bcn.es\/httpdocs\/wp-json\/wp\/v2\/pages\/5913","targetHints":{"allow":["GET"]}}],"collection":[{"href":"https:\/\/consuladouy-bcn.es\/httpdocs\/wp-json\/wp\/v2\/pages"}],"about":[{"href":"https:\/\/consuladouy-bcn.es\/httpdocs\/wp-json\/wp\/v2\/types\/page"}],"author":[{"embeddable":true,"href":"https:\/\/consuladouy-bcn.es\/httpdocs\/wp-json\/wp\/v2\/users\/6444"}],"replies":[{"embeddable":true,"href":"https:\/\/consuladouy-bcn.es\/httpdocs\/wp-json\/wp\/v2\/comments?post=5913"}],"version-history":[{"count":2,"href":"https:\/\/consuladouy-bcn.es\/httpdocs\/wp-json\/wp\/v2\/pages\/5913\/revisions"}],"predecessor-version":[{"id":5916,"href":"https:\/\/consuladouy-bcn.es\/httpdocs\/wp-json\/wp\/v2\/pages\/5913\/revisions\/5916"}],"wp:attachment":[{"href":"https:\/\/consuladouy-bcn.es\/httpdocs\/wp-json\/wp\/v2\/media?parent=5913"}],"curies":[{"name":"wp","href":"https:\/\/api.w.org\/{rel}","templated":true}]}}