{"id":5905,"date":"2023-04-28T15:50:16","date_gmt":"2023-04-28T13:50:16","guid":{"rendered":"https:\/\/consuladouy-bcn.es\/httpdocs\/?page_id=5905"},"modified":"2024-04-04T10:09:27","modified_gmt":"2024-04-04T08:09:27","slug":"politica-de-privacidad","status":"publish","type":"page","link":"https:\/\/consuladouy-bcn.es\/httpdocs\/politica-de-privacidad\/","title":{"rendered":"Pol\u00edtica de Privacidad"},"content":{"rendered":"\n<p><strong>Compartir<\/strong><\/p>\n\n\n\n<p>Al registrarse y utilizar los servicios del CONSULADO GENERAL DE LA REP\u00daBLICA ORIENTAL DEL URUGUAY EN BARCELONA Usted consiente y acepta que el tratamiento de sus datos personales se realice de acuerdo con lo informado en este documento y con lo dispuesto en la legislaci\u00f3n de la Rep\u00fablica Oriental del Uruguay, Ley N\u00ba 18.331, de 11 de agosto de 2008 y el Decreto N\u00ba 414\/009, de 21 de agosto de 2009.<\/p>\n\n\n\n<p><strong>1. Tratamiento de datos<\/strong><\/p>\n\n\n\n<p>Los datos personales recabados y accedidos para el registro en nuestra base de datos ser\u00e1n tratados por las autoridades competentes de la Rep\u00fablica Oriental del Uruguay responsables de los distintos tr\u00e1mites consulares. Concretamente, entre otras,&nbsp; el Consulado General de la Rep\u00fablica Oriental del Uruguay en Barcelona, el Ministerio de Relaciones Exteriores, el Ministerio del Interior de la Rep\u00fablica Oriental del Uruguay,&nbsp; as\u00ed como las autoridades judiciales en su caso, con las finalidades leg\u00edtimas correspondientes dentro de sus respectivos \u00e1mbitos de competencia, as\u00ed como cumplir con los tr\u00e1mites y la expedici\u00f3n de documentos gestionados, contactar con el usuario, y brindar la informaci\u00f3n solicitada.<\/p>\n\n\n\n<p>Los datos personales se encuentran en bases inscriptas ante la Unidad Reguladora y de Control de Datos Personales, titularidad de AGESIC y cuentan con medidas de seguridad adecuadas que garantizan su integridad, disponibilidad y confidencialidad.&nbsp;<\/p>\n\n\n\n<p><strong>2. Cookies<\/strong><\/p>\n\n\n\n<p>El Consulado General de la Rep\u00fablica Oriental del Uruguay en Barcelona utiliza cookies. Usted puede configurar su navegador para ser avisado de la recepci\u00f3n de las cookies o impedir su instalaci\u00f3n.<\/p>\n\n\n\n<p><strong>3. Ejercicio de los derechos<\/strong><\/p>\n\n\n\n<p>Usted podr\u00e1 ejercer sus derechos de acceso, rectificaci\u00f3n, actualizaci\u00f3n, inclusi\u00f3n y supresi\u00f3n, ante el Consulado General de la Rep\u00fablica Oriental del Uruguay en Barcelona, a trav\u00e9s del formulario de \u00abContacto\u00bb, enviando un correo electr\u00f3nico a mail de persona responsable de datos personales del consulado o personalmente dirigi\u00e9ndose a (Avda Diagonal 453 bis, 4\u00ba, 08036, Barcelona.<\/p>\n\n\n\n<p><strong>4. Enlaces<\/strong><\/p>\n\n\n\n<p>La presente Pol\u00edtica de Privacidad es de aplicaci\u00f3n exclusiva para sitios, portales, servicios o contenidos en el Consulado General de la Rep\u00fablica Oriental del Uruguay en Barcelona, el de COMinisterio de Relaciones Exteriores, el del Gobierno de la Rep\u00fablica Oriental del Uruguay,&nbsp; y no se extiende a los enlaces hacia otros sitios, portales, servicios o contenidos de distinta titularidad.<\/p>\n\n\n\n<p><strong>5. Ley aplicable y jurisdicci\u00f3n competente<\/strong><\/p>\n\n\n\n<p>Esta Pol\u00edtica se encuentra regida en todas sus cl\u00e1usulas y sin excepci\u00f3n por las leyes de la Rep\u00fablica Oriental del Uruguay.<\/p>\n\n\n\n<p>Cualquier controversia derivada de este documento relativa a su existencia, validez, interpretaci\u00f3n, alcance o cumplimiento ser\u00e1 sometida a los Tribunales ordinarios de la ciudad de Montevideo, Uruguay.<\/p>\n","protected":false},"excerpt":{"rendered":"<p>Compartir Al registrarse y utilizar los servicios del CONSULADO GENERAL DE LA REP\u00daBLICA ORIENTAL DEL URUGUAY EN BARCELONA Usted consiente y acepta que el tratamiento de sus datos personales se realice de acuerdo con lo informado en este documento y con lo dispuesto en la legislaci\u00f3n de la Rep\u00fablica Oriental del Uruguay, Ley N\u00ba 18.331,&#8230;<\/p>\n","protected":false},"author":6444,"featured_media":0,"parent":0,"menu_order":0,"comment_status":"closed","ping_status":"closed","template":"","meta":{"_kad_post_transparent":"","_kad_post_title":"show","_kad_post_layout":"narrow","_kad_post_sidebar_id":"","_kad_post_content_style":"","_kad_post_vertical_padding":"show","_kad_post_feature":"","_kad_post_feature_position":"","_kad_post_header":false,"_kad_post_footer":false,"footnotes":""},"class_list":["post-5905","page","type-page","status-publish","hentry"],"_links":{"self":[{"href":"https:\/\/consuladouy-bcn.es\/httpdocs\/wp-json\/wp\/v2\/pages\/5905","targetHints":{"allow":["GET"]}}],"collection":[{"href":"https:\/\/consuladouy-bcn.es\/httpdocs\/wp-json\/wp\/v2\/pages"}],"about":[{"href":"https:\/\/consuladouy-bcn.es\/httpdocs\/wp-json\/wp\/v2\/types\/page"}],"author":[{"embeddable":true,"href":"https:\/\/consuladouy-bcn.es\/httpdocs\/wp-json\/wp\/v2\/users\/6444"}],"replies":[{"embeddable":true,"href":"https:\/\/consuladouy-bcn.es\/httpdocs\/wp-json\/wp\/v2\/comments?post=5905"}],"version-history":[{"count":3,"href":"https:\/\/consuladouy-bcn.es\/httpdocs\/wp-json\/wp\/v2\/pages\/5905\/revisions"}],"predecessor-version":[{"id":5915,"href":"https:\/\/consuladouy-bcn.es\/httpdocs\/wp-json\/wp\/v2\/pages\/5905\/revisions\/5915"}],"wp:attachment":[{"href":"https:\/\/consuladouy-bcn.es\/httpdocs\/wp-json\/wp\/v2\/media?parent=5905"}],"curies":[{"name":"wp","href":"https:\/\/api.w.org\/{rel}","templated":true}]}}