{"id":5461,"date":"2021-07-16T23:00:19","date_gmt":"2021-07-16T21:00:19","guid":{"rendered":"http:\/\/www.consuladouy-bcn.es\/?page_id=5461"},"modified":"2021-07-17T00:23:48","modified_gmt":"2021-07-16T22:23:48","slug":"area-cultural","status":"publish","type":"page","link":"https:\/\/consuladouy-bcn.es\/httpdocs\/area-cultural\/","title":{"rendered":"\u00c1rea Cultural"},"content":{"rendered":"\t\t<div data-elementor-type=\"wp-page\" data-elementor-id=\"5461\" class=\"elementor elementor-5461\" data-elementor-post-type=\"page\">\n\t\t\t\t\t\t<section class=\"elementor-section elementor-top-section elementor-element elementor-element-42cd2e4 elementor-section-boxed elementor-section-height-default elementor-section-height-default\" data-id=\"42cd2e4\" data-element_type=\"section\" data-e-type=\"section\">\n\t\t\t\t\t\t<div class=\"elementor-container elementor-column-gap-default\">\n\t\t\t\t\t<div class=\"elementor-column elementor-col-100 elementor-top-column elementor-element elementor-element-66e3ca0\" data-id=\"66e3ca0\" data-element_type=\"column\" data-e-type=\"column\">\n\t\t\t<div class=\"elementor-widget-wrap elementor-element-populated\">\n\t\t\t\t\t\t<div class=\"elementor-element elementor-element-5104e6e elementor-widget elementor-widget-image\" data-id=\"5104e6e\" data-element_type=\"widget\" data-e-type=\"widget\" data-widget_type=\"image.default\">\n\t\t\t\t<div class=\"elementor-widget-container\">\n\t\t\t\t\t\t\t\t\t\t\t\t\t\t\t<img fetchpriority=\"high\" decoding=\"async\" width=\"364\" height=\"386\" src=\"https:\/\/consuladouy-bcn.es\/wp-content\/uploads\/2021\/07\/Naturaluy.png\" class=\"attachment-large size-large wp-image-5341\" alt=\"\" srcset=\"https:\/\/consuladouy-bcn.es\/wp-content\/uploads\/2021\/07\/Naturaluy.png 364w, https:\/\/consuladouy-bcn.es\/wp-content\/uploads\/2021\/07\/Naturaluy-283x300.png 283w\" sizes=\"(max-width: 364px) 100vw, 364px\" \/>\t\t\t\t\t\t\t\t\t\t\t\t\t\t\t<\/div>\n\t\t\t\t<\/div>\n\t\t\t\t\t<\/div>\n\t\t<\/div>\n\t\t\t\t\t<\/div>\n\t\t<\/section>\n\t\t\t\t<section class=\"elementor-section elementor-top-section elementor-element elementor-element-409e907 elementor-section-boxed elementor-section-height-default elementor-section-height-default\" data-id=\"409e907\" data-element_type=\"section\" data-e-type=\"section\">\n\t\t\t\t\t\t<div class=\"elementor-container elementor-column-gap-default\">\n\t\t\t\t\t<div class=\"elementor-column elementor-col-100 elementor-top-column elementor-element elementor-element-d923e97\" data-id=\"d923e97\" data-element_type=\"column\" data-e-type=\"column\">\n\t\t\t<div class=\"elementor-widget-wrap elementor-element-populated\">\n\t\t\t\t\t\t<div class=\"elementor-element elementor-element-f9248ec elementor-drop-cap-yes elementor-drop-cap-view-default elementor-widget elementor-widget-text-editor\" data-id=\"f9248ec\" data-element_type=\"widget\" data-e-type=\"widget\" data-settings=\"{&quot;drop_cap&quot;:&quot;yes&quot;}\" data-widget_type=\"text-editor.default\">\n\t\t\t\t<div class=\"elementor-widget-container\">\n\t\t\t\t\t\t\t\t\t<p><span class=\"elementor-drop-cap\"><span class=\"elementor-drop-cap-letter\">E<\/span><\/span>l Consulado General de Uruguay en Barcelona busca activamente la difusi\u00f3n y promoci\u00f3n de la cultura y el arte nacionales y sus protagonistas. Cultura y artes como reflejo de nuestras ra\u00edces, tradiciones e identidad y de la diversidad de la mano de los cambios y la innovaci\u00f3n.<br \/>En l\u00ednea con la estrategia de internacionalizaci\u00f3n de la cultura del Uruguay de la Direcci\u00f3n Nacional de Cultura de MEC y la Direcci\u00f3n General para Asuntos Culturales del MRREE se apunta a desarrollar estrategias y acciones de Diplomacia Cultural apoyando y difundiendo a creadores, artistas, gestores y productores culturales nacionales.<\/p><p>\u00a0<\/p><p>Principales acciones que intenta promover nuestro Consulado:<\/p><ul><li>Relevar las actividades culturales realizadas por compatriotas en el exterior.<\/li><li>Promover iniciativas y eventos organizados y\/o protagonizados por connacionales.<\/li><li>Crear sinergias entre actividades y proyectos culturales.<\/li><li>Incentivar la creaci\u00f3n de redes e intercambios tanto a nivel local como con artistas en Uruguay.<\/li><li>Promocionar iniciativas de formaci\u00f3n y capacitaci\u00f3n disponibles.<\/li><li>Mostrar al Uruguay y su variedad de expresiones art\u00edstico-culturales.<\/li><li>Difundir la cultura nacional en todos los lugares donde viven y desarrollan sus actividades los compatriotas.<\/li><li>Presentar a Uruguay como un pa\u00eds atractivo para la inversi\u00f3n en cultura y arte.<\/li><li>Incluir y promocionar todas las formas de expresi\u00f3n y arte que impulsen la creatividad y el talento.<\/li><li>Homenajear a nuestros y nuestras artistas difundiendo su arte, su legado y sus contribuciones actuales.<\/li><\/ul><p>\u00a0<\/p><p><strong>Invitamos a todos los compatriotas y amigos de Uruguay a hacernos llegar sus ideas, consultas, proyectos y propuestas a trav\u00e9s de nuestro electr\u00f3nicos institucionales:<\/strong><\/p><p>\u00a0<\/p><p style=\"text-align: center;\"><strong><a href=\"mailto:cgbarcelona@mrree.gub.uy\">cgbarcelona@mrree.gub.uy<\/a>\u00a0o\u00a0<a href=\"mailto:cdbarcelona@mrree.gub.uy\">cdbarcelona@mrree.gub.uy<\/a><\/strong><\/p>\t\t\t\t\t\t\t\t<\/div>\n\t\t\t\t<\/div>\n\t\t\t\t\t<\/div>\n\t\t<\/div>\n\t\t\t\t\t<\/div>\n\t\t<\/section>\n\t\t\t\t<section class=\"elementor-section elementor-top-section elementor-element elementor-element-8d536d5 elementor-section-boxed elementor-section-height-default elementor-section-height-default\" data-id=\"8d536d5\" data-element_type=\"section\" data-e-type=\"section\">\n\t\t\t\t\t\t<div class=\"elementor-container elementor-column-gap-default\">\n\t\t\t\t\t<div class=\"elementor-column elementor-col-100 elementor-top-column elementor-element elementor-element-ffa2b51\" data-id=\"ffa2b51\" data-element_type=\"column\" data-e-type=\"column\">\n\t\t\t<div class=\"elementor-widget-wrap elementor-element-populated\">\n\t\t\t\t\t\t<div class=\"elementor-element elementor-element-c7bb036 elementor--h-position-center elementor--v-position-middle elementor-arrows-position-inside elementor-pagination-position-inside elementor-widget elementor-widget-slides\" data-id=\"c7bb036\" data-element_type=\"widget\" data-e-type=\"widget\" data-settings=\"{&quot;navigation&quot;:&quot;both&quot;,&quot;autoplay&quot;:&quot;yes&quot;,&quot;pause_on_hover&quot;:&quot;yes&quot;,&quot;pause_on_interaction&quot;:&quot;yes&quot;,&quot;autoplay_speed&quot;:5000,&quot;infinite&quot;:&quot;yes&quot;,&quot;transition&quot;:&quot;slide&quot;,&quot;transition_speed&quot;:500}\" data-widget_type=\"slides.default\">\n\t\t\t\t<div class=\"elementor-widget-container\">\n\t\t\t\t\t\t\t\t\t<div class=\"elementor-swiper\">\n\t\t\t\t\t<div class=\"elementor-slides-wrapper elementor-main-swiper swiper\" role=\"region\" aria-roledescription=\"carousel\" aria-label=\"Diapositivas\" dir=\"ltr\" data-animation=\"fadeInUp\">\n\t\t\t\t<div class=\"swiper-wrapper elementor-slides\">\n\t\t\t\t\t\t\t\t\t\t<div class=\"elementor-repeater-item-542e54d swiper-slide\" role=\"group\" aria-roledescription=\"slide\"><div class=\"swiper-slide-bg\" role=\"img\" aria-label=\"2.2.22.2\"><\/div><div class=\"swiper-slide-inner\" ><div class=\"swiper-slide-contents\"><\/div><\/div><\/div><div class=\"elementor-repeater-item-3b0dd35 swiper-slide\" role=\"group\" aria-roledescription=\"slide\"><div class=\"swiper-slide-bg\" role=\"img\" aria-label=\"1.11.1.1\"><\/div><div class=\"swiper-slide-inner\" ><div class=\"swiper-slide-contents\"><\/div><\/div><\/div>\t\t\t\t<\/div>\n\t\t\t\t\t\t\t\t\t\t\t\t\t\t\t<div class=\"elementor-swiper-button elementor-swiper-button-prev\" role=\"button\" tabindex=\"0\" aria-label=\"Diapositiva anterior\">\n\t\t\t\t\t\t\t<i aria-hidden=\"true\" class=\"eicon-chevron-left\"><\/i>\t\t\t\t\t\t<\/div>\n\t\t\t\t\t\t<div class=\"elementor-swiper-button elementor-swiper-button-next\" role=\"button\" tabindex=\"0\" aria-label=\"Diapositiva siguiente\">\n\t\t\t\t\t\t\t<i aria-hidden=\"true\" class=\"eicon-chevron-right\"><\/i>\t\t\t\t\t\t<\/div>\n\t\t\t\t\t\t\t\t\t\t\t\t\t\t\t\t<div class=\"swiper-pagination\"><\/div>\n\t\t\t\t\t\t\t\t\t\t\t\t<\/div>\n\t\t\t\t<\/div>\n\t\t\t\t\t\t\t\t<\/div>\n\t\t\t\t<\/div>\n\t\t\t\t\t<\/div>\n\t\t<\/div>\n\t\t\t\t\t<\/div>\n\t\t<\/section>\n\t\t\t\t<section class=\"elementor-section elementor-top-section elementor-element elementor-element-7f5c011 elementor-section-boxed elementor-section-height-default elementor-section-height-default\" data-id=\"7f5c011\" data-element_type=\"section\" data-e-type=\"section\">\n\t\t\t\t\t\t<div class=\"elementor-container elementor-column-gap-default\">\n\t\t\t\t\t<div class=\"elementor-column elementor-col-100 elementor-top-column elementor-element elementor-element-e2df8c2\" data-id=\"e2df8c2\" data-element_type=\"column\" data-e-type=\"column\">\n\t\t\t<div class=\"elementor-widget-wrap elementor-element-populated\">\n\t\t\t\t\t\t<div class=\"elementor-element elementor-element-e0fce4f elementor-widget elementor-widget-facebook-embed\" data-id=\"e0fce4f\" data-element_type=\"widget\" data-e-type=\"widget\" data-widget_type=\"facebook-embed.default\">\n\t\t\t\t<div class=\"elementor-widget-container\">\n\t\t\t\t\t<div style=\"min-height: 1px\" class=\"elementor-facebook-widget fb-post\" data-href=\"https:\/\/www.facebook.com\/ConsuladoUruguayenBarcelona\/photos\/a.2387470364865683\/2695154004097316\" data-show-text=\"false\"><\/div>\t\t\t\t<\/div>\n\t\t\t\t<\/div>\n\t\t\t\t\t<\/div>\n\t\t<\/div>\n\t\t\t\t\t<\/div>\n\t\t<\/section>\n\t\t\t\t<section class=\"elementor-section elementor-top-section elementor-element elementor-element-3d45bc4 elementor-section-boxed elementor-section-height-default elementor-section-height-default\" data-id=\"3d45bc4\" data-element_type=\"section\" data-e-type=\"section\">\n\t\t\t\t\t\t<div class=\"elementor-container elementor-column-gap-default\">\n\t\t\t\t\t<div class=\"elementor-column elementor-col-100 elementor-top-column elementor-element elementor-element-091d140\" data-id=\"091d140\" data-element_type=\"column\" data-e-type=\"column\">\n\t\t\t<div class=\"elementor-widget-wrap elementor-element-populated\">\n\t\t\t\t\t\t<div class=\"elementor-element elementor-element-dc97abe elementor-widget elementor-widget-spacer\" data-id=\"dc97abe\" data-element_type=\"widget\" data-e-type=\"widget\" data-widget_type=\"spacer.default\">\n\t\t\t\t<div class=\"elementor-widget-container\">\n\t\t\t\t\t\t\t<div class=\"elementor-spacer\">\n\t\t\t<div class=\"elementor-spacer-inner\"><\/div>\n\t\t<\/div>\n\t\t\t\t\t\t<\/div>\n\t\t\t\t<\/div>\n\t\t\t\t<div class=\"elementor-element elementor-element-2377b02 elementor-widget elementor-widget-text-editor\" data-id=\"2377b02\" data-element_type=\"widget\" data-e-type=\"widget\" data-widget_type=\"text-editor.default\">\n\t\t\t\t<div class=\"elementor-widget-container\">\n\t\t\t\t\t\t\t\t\t<p>Enlaces de Inter\u00e9s<\/p><p><a href=\"https:\/\/www.teatrosolis.org.uy\/home\">Teatro Solis<\/a><\/p><p><a href=\"https:\/\/sodre.gub.uy\/\">SODRE<\/a><\/p><p><a href=\"http:\/\/www.parlamento.gub.uy\/\">Parlamento Uruguayo\u00a0<\/a><\/p><p><a href=\"http:\/\/www.rau.edu.uy\/\">Red Acad\u00e9mica Uruguaya<\/a><\/p><p><a href=\"https:\/\/www.gub.uy\/ministerio-educacion-cultura\/\">MRREE Cultura y Arte<\/a><\/p>\t\t\t\t\t\t\t\t<\/div>\n\t\t\t\t<\/div>\n\t\t\t\t\t<\/div>\n\t\t<\/div>\n\t\t\t\t\t<\/div>\n\t\t<\/section>\n\t\t\t\t<\/div>\n\t\t","protected":false},"excerpt":{"rendered":"<p>El Consulado General de Uruguay en Barcelona busca activamente la difusi\u00f3n y promoci\u00f3n de la cultura y el arte nacionales y sus protagonistas. Cultura y artes como reflejo de nuestras ra\u00edces, tradiciones e identidad y de la diversidad de la mano de los cambios y la innovaci\u00f3n. En l\u00ednea con la estrategia de internacionalizaci\u00f3n de&#8230;<\/p>\n","protected":false},"author":6445,"featured_media":0,"parent":0,"menu_order":5,"comment_status":"closed","ping_status":"closed","template":"","meta":{"_kad_post_transparent":"","_kad_post_title":"","_kad_post_layout":"","_kad_post_sidebar_id":"","_kad_post_content_style":"","_kad_post_vertical_padding":"","_kad_post_feature":"","_kad_post_feature_position":"","_kad_post_header":false,"_kad_post_footer":false,"footnotes":""},"class_list":["post-5461","page","type-page","status-publish","hentry"],"_links":{"self":[{"href":"https:\/\/consuladouy-bcn.es\/httpdocs\/wp-json\/wp\/v2\/pages\/5461","targetHints":{"allow":["GET"]}}],"collection":[{"href":"https:\/\/consuladouy-bcn.es\/httpdocs\/wp-json\/wp\/v2\/pages"}],"about":[{"href":"https:\/\/consuladouy-bcn.es\/httpdocs\/wp-json\/wp\/v2\/types\/page"}],"author":[{"embeddable":true,"href":"https:\/\/consuladouy-bcn.es\/httpdocs\/wp-json\/wp\/v2\/users\/6445"}],"replies":[{"embeddable":true,"href":"https:\/\/consuladouy-bcn.es\/httpdocs\/wp-json\/wp\/v2\/comments?post=5461"}],"version-history":[{"count":8,"href":"https:\/\/consuladouy-bcn.es\/httpdocs\/wp-json\/wp\/v2\/pages\/5461\/revisions"}],"predecessor-version":[{"id":5553,"href":"https:\/\/consuladouy-bcn.es\/httpdocs\/wp-json\/wp\/v2\/pages\/5461\/revisions\/5553"}],"wp:attachment":[{"href":"https:\/\/consuladouy-bcn.es\/httpdocs\/wp-json\/wp\/v2\/media?parent=5461"}],"curies":[{"name":"wp","href":"https:\/\/api.w.org\/{rel}","templated":true}]}}