{"id":37,"date":"2010-01-06T20:00:03","date_gmt":"2010-01-06T19:00:03","guid":{"rendered":"http:\/\/www.consuladouy-bcn.es\/?page_id=37"},"modified":"2025-04-27T00:05:27","modified_gmt":"2025-04-26T22:05:27","slug":"area-comercial","status":"publish","type":"page","link":"https:\/\/consuladouy-bcn.es\/httpdocs\/area-comercial\/","title":{"rendered":"\u00c1rea Econ\u00f3mica"},"content":{"rendered":"\t\t<div data-elementor-type=\"wp-page\" data-elementor-id=\"37\" class=\"elementor elementor-37\" data-elementor-post-type=\"page\">\n\t\t\t\t\t\t<section class=\"elementor-section elementor-top-section elementor-element elementor-element-6afd73e elementor-section-boxed elementor-section-height-default elementor-section-height-default\" data-id=\"6afd73e\" data-element_type=\"section\" data-e-type=\"section\">\n\t\t\t\t\t\t<div class=\"elementor-container elementor-column-gap-default\">\n\t\t\t\t\t<div class=\"elementor-column elementor-col-100 elementor-top-column elementor-element elementor-element-ad39663\" data-id=\"ad39663\" data-element_type=\"column\" data-e-type=\"column\">\n\t\t\t<div class=\"elementor-widget-wrap elementor-element-populated\">\n\t\t\t\t\t\t<div class=\"elementor-element elementor-element-79bddd7 elementor-widget elementor-widget-image\" data-id=\"79bddd7\" data-element_type=\"widget\" data-e-type=\"widget\" data-widget_type=\"image.default\">\n\t\t\t\t<div class=\"elementor-widget-container\">\n\t\t\t\t\t\t\t\t\t\t\t\t\t\t\t<img fetchpriority=\"high\" decoding=\"async\" width=\"364\" height=\"386\" src=\"https:\/\/consuladouy-bcn.es\/wp-content\/uploads\/2021\/07\/Naturaluy.png\" class=\"attachment-large size-large wp-image-5341\" alt=\"\" srcset=\"https:\/\/consuladouy-bcn.es\/wp-content\/uploads\/2021\/07\/Naturaluy.png 364w, https:\/\/consuladouy-bcn.es\/wp-content\/uploads\/2021\/07\/Naturaluy-283x300.png 283w\" sizes=\"(max-width: 364px) 100vw, 364px\" \/>\t\t\t\t\t\t\t\t\t\t\t\t\t\t\t<\/div>\n\t\t\t\t<\/div>\n\t\t\t\t\t<\/div>\n\t\t<\/div>\n\t\t\t\t\t<\/div>\n\t\t<\/section>\n\t\t\t\t<section class=\"elementor-section elementor-top-section elementor-element elementor-element-6189c6a elementor-section-boxed elementor-section-height-default elementor-section-height-default\" data-id=\"6189c6a\" data-element_type=\"section\" data-e-type=\"section\">\n\t\t\t\t\t\t<div class=\"elementor-container elementor-column-gap-default\">\n\t\t\t\t\t<div class=\"elementor-column elementor-col-100 elementor-top-column elementor-element elementor-element-8694111\" data-id=\"8694111\" data-element_type=\"column\" data-e-type=\"column\">\n\t\t\t<div class=\"elementor-widget-wrap elementor-element-populated\">\n\t\t\t\t\t\t<div class=\"elementor-element elementor-element-81c9ccc elementor-drop-cap-yes elementor-drop-cap-view-default elementor-widget elementor-widget-text-editor\" data-id=\"81c9ccc\" data-element_type=\"widget\" data-e-type=\"widget\" data-settings=\"{&quot;drop_cap&quot;:&quot;yes&quot;}\" data-widget_type=\"text-editor.default\">\n\t\t\t\t<div class=\"elementor-widget-container\">\n\t\t\t\t\t\t\t\t\t<p>Uruguay es un pa\u00eds abierto, que ha basado su posicionamiento internacional en el respeto, la estabilidad jur\u00eddica y la cooperaci\u00f3n. Nos enorgullecemos del pa\u00eds que hemos construido, a base de la dedicaci\u00f3n y el esfuerzo de generaciones, procurando alcanzar una mejor calidad de vida.<\/p><p>Siendo un pa\u00eds peque\u00f1o en el concierto de naciones, Uruguay destaca por ser un pa\u00eds con un entramado productivo que ha logrado que su producci\u00f3n tenga una importante presencia en los mercados internacionales como, por ejemplo, en los sectores: agroalimentario, de las Tecnolog\u00edas de Informaci\u00f3n y Conocimiento, de servicios profesionales, forestal-madera, log\u00edstica y de energ\u00edas renovables.<\/p><p>Asimismo, y asociado a su estabilidad jur\u00eddica, Uruguay destaca por una creciente relevancia en Inversi\u00f3n Extranjera Directa a nivel de la regi\u00f3n de Am\u00e9rica Latina. Las inversiones de empresas extranjeras en Uruguay han generado crecimiento a nivel local, as\u00ed como tambi\u00e9n han permitido que su operativa sea escalable para una exitosa presencia a nivel regional de dichas empresas y de empresas uruguayas vinculadas.<\/p><p>El Ministerio de Relaciones Exteriores del Uruguay procura aumentar y mejorar la inserci\u00f3n econ\u00f3mica internacional del trabajo de nuestros compatriotas. En tal sentido, desde el Consulado del Uruguay en Barcelona trabajamos en aumentar y mejorar la promoci\u00f3n y vinculaci\u00f3n del ecosistema emprendedor uruguayo con el entramado productivo y el mercado local; as\u00ed como tambi\u00e9n en aumentar las redes de cooperaci\u00f3n en materia de formaci\u00f3n profesional y t\u00e9cnica, de las instituciones educativas de Uruguay con esta regi\u00f3n del mundo.<\/p><p>Si usted desea mayor informaci\u00f3n sobre temas relacionados con el \u00e1rea de promoci\u00f3n y vinculaci\u00f3n econ\u00f3mica del Consulado, no dude en contactarse a trav\u00e9s de nuestros correos electr\u00f3nicos institucionales:<\/p><p style=\"text-align: center;\"><strong><a href=\"mailto:cgbarcelona@mrree.gub.uy\">cgbarcelona@mrree.gub.uy<\/a>\u00a0o\u00a0<a href=\"mailto:cdbarcelona@mrree.gub.uy\">cdbarcelona@mrree.gub.uy<\/a><\/strong><\/p>\t\t\t\t\t\t\t\t<\/div>\n\t\t\t\t<\/div>\n\t\t\t\t\t<\/div>\n\t\t<\/div>\n\t\t\t\t\t<\/div>\n\t\t<\/section>\n\t\t\t\t<section class=\"elementor-section elementor-top-section elementor-element elementor-element-766dd2e elementor-section-boxed elementor-section-height-default elementor-section-height-default\" data-id=\"766dd2e\" data-element_type=\"section\" data-e-type=\"section\">\n\t\t\t\t\t\t<div class=\"elementor-container elementor-column-gap-default\">\n\t\t\t\t\t<div class=\"elementor-column elementor-col-100 elementor-top-column elementor-element elementor-element-16aa03c\" data-id=\"16aa03c\" data-element_type=\"column\" data-e-type=\"column\">\n\t\t\t<div class=\"elementor-widget-wrap elementor-element-populated\">\n\t\t\t\t\t\t<div class=\"elementor-element elementor-element-77f7da2 elementor-view-framed elementor-shape-circle elementor-widget elementor-widget-icon\" data-id=\"77f7da2\" data-element_type=\"widget\" data-e-type=\"widget\" data-widget_type=\"icon.default\">\n\t\t\t\t<div class=\"elementor-widget-container\">\n\t\t\t\t\t\t\t<div class=\"elementor-icon-wrapper\">\n\t\t\t<div class=\"elementor-icon\">\n\t\t\t<i aria-hidden=\"true\" class=\"fas fa-hotel\"><\/i>\t\t\t<\/div>\n\t\t<\/div>\n\t\t\t\t\t\t<\/div>\n\t\t\t\t<\/div>\n\t\t\t\t\t<\/div>\n\t\t<\/div>\n\t\t\t\t\t<\/div>\n\t\t<\/section>\n\t\t\t\t<section class=\"elementor-section elementor-top-section elementor-element elementor-element-6c8c9d9 elementor-section-boxed elementor-section-height-default elementor-section-height-default\" data-id=\"6c8c9d9\" data-element_type=\"section\" data-e-type=\"section\">\n\t\t\t\t\t\t<div class=\"elementor-container elementor-column-gap-default\">\n\t\t\t\t\t<div class=\"elementor-column elementor-col-100 elementor-top-column elementor-element elementor-element-d3b3f47\" data-id=\"d3b3f47\" data-element_type=\"column\" data-e-type=\"column\">\n\t\t\t<div class=\"elementor-widget-wrap elementor-element-populated\">\n\t\t\t\t\t\t<div class=\"elementor-element elementor-element-7e21d7b elementor-widget elementor-widget-text-editor\" data-id=\"7e21d7b\" data-element_type=\"widget\" data-e-type=\"widget\" data-widget_type=\"text-editor.default\">\n\t\t\t\t<div class=\"elementor-widget-container\">\n\t\t\t\t\t\t\t\t\t<h6>Si usted est\u00e1 buscando Oportunidades de Negocios relacionadas con Uruguay, puede registrarse completando su Ficha Comercial <a href=\"https:\/\/consuladouy-bcn.es\/httpdocs\/ficha-comercial\/\">pinchando aqu\u00ed.<\/a><\/h6>\t\t\t\t\t\t\t\t<\/div>\n\t\t\t\t<\/div>\n\t\t\t\t<div class=\"elementor-element elementor-element-a2f66c3 elementor-widget elementor-widget-text-editor\" data-id=\"a2f66c3\" data-element_type=\"widget\" data-e-type=\"widget\" data-widget_type=\"text-editor.default\">\n\t\t\t\t<div class=\"elementor-widget-container\">\n\t\t\t\t\t\t\t\t\t<h6><strong>Por otra parte, si desea puede solicitar mayor informaci\u00f3n directamente en el siguiente cuadro de texto.<\/strong><\/h6><h6><strong>Una vez recibida su solicitud, obtendr\u00e1 una respuesta al correo electr\u00f3nico facilitado en el formulario.<\/strong><\/h6>\t\t\t\t\t\t\t\t<\/div>\n\t\t\t\t<\/div>\n\t\t\t\t\t<\/div>\n\t\t<\/div>\n\t\t\t\t\t<\/div>\n\t\t<\/section>\n\t\t\t\t<section class=\"elementor-section elementor-top-section elementor-element elementor-element-9ad10fd elementor-section-boxed elementor-section-height-default elementor-section-height-default\" data-id=\"9ad10fd\" data-element_type=\"section\" data-e-type=\"section\">\n\t\t\t\t\t\t<div class=\"elementor-container elementor-column-gap-default\">\n\t\t\t\t\t<div class=\"elementor-column elementor-col-100 elementor-top-column elementor-element elementor-element-a903dd2\" data-id=\"a903dd2\" data-element_type=\"column\" data-e-type=\"column\">\n\t\t\t<div class=\"elementor-widget-wrap elementor-element-populated\">\n\t\t\t\t\t\t<div class=\"elementor-element elementor-element-4228f0e elementor-button-align-center elementor-widget elementor-widget-form\" data-id=\"4228f0e\" data-element_type=\"widget\" data-e-type=\"widget\" data-settings=\"{&quot;step_next_label&quot;:&quot;Siguiente&quot;,&quot;step_previous_label&quot;:&quot;Anterior&quot;,&quot;button_width&quot;:&quot;100&quot;,&quot;step_type&quot;:&quot;number_text&quot;,&quot;step_icon_shape&quot;:&quot;circle&quot;}\" data-widget_type=\"form.default\">\n\t\t\t\t<div class=\"elementor-widget-container\">\n\t\t\t\t\t\t\t<form class=\"elementor-form\" method=\"post\" name=\"\u00c1rea Econ\u00f3mica\" aria-label=\"\u00c1rea Econ\u00f3mica\">\n\t\t\t<input type=\"hidden\" name=\"post_id\" value=\"37\"\/>\n\t\t\t<input type=\"hidden\" name=\"form_id\" value=\"4228f0e\"\/>\n\t\t\t<input type=\"hidden\" name=\"referer_title\" value=\"\u00c1rea Econ\u00f3mica\" \/>\n\n\t\t\t\t\t\t\t<input type=\"hidden\" name=\"queried_id\" value=\"37\"\/>\n\t\t\t\n\t\t\t<div class=\"elementor-form-fields-wrapper elementor-labels-above\">\n\t\t\t\t\t\t\t\t<div class=\"elementor-field-type-textarea elementor-field-group elementor-column elementor-field-group-name elementor-col-100 elementor-field-required elementor-mark-required\">\n\t\t\t\t\t\t\t\t\t\t\t\t<label for=\"form-field-name\" class=\"elementor-field-label\">\n\t\t\t\t\t\t\t\tSolicitud\t\t\t\t\t\t\t<\/label>\n\t\t\t\t\t\t<textarea class=\"elementor-field-textual elementor-field  elementor-size-sm\" name=\"form_fields[name]\" id=\"form-field-name\" rows=\"4\" placeholder=\"Escriba aqu\u00ed su consulta\" required=\"required\"><\/textarea>\t\t\t\t<\/div>\n\t\t\t\t\t\t\t\t<div class=\"elementor-field-type-email elementor-field-group elementor-column elementor-field-group-email elementor-col-100 elementor-field-required elementor-mark-required\">\n\t\t\t\t\t\t\t\t\t\t\t\t<label for=\"form-field-email\" class=\"elementor-field-label\">\n\t\t\t\t\t\t\t\tCorreo Electr\u00f3nico\t\t\t\t\t\t\t<\/label>\n\t\t\t\t\t\t\t\t\t\t\t\t\t\t<input size=\"1\" type=\"email\" name=\"form_fields[email]\" id=\"form-field-email\" class=\"elementor-field elementor-size-sm  elementor-field-textual\" placeholder=\"Email\" required=\"required\">\n\t\t\t\t\t\t\t\t\t\t\t<\/div>\n\t\t\t\t\t\t\t\t<div class=\"elementor-field-type-acceptance elementor-field-group elementor-column elementor-field-group-field_7850d80 elementor-col-100 elementor-field-required elementor-mark-required\">\n\t\t\t\t\t\t\t\t\t\t\t\t<label for=\"form-field-field_7850d80\" class=\"elementor-field-label\">\n\t\t\t\t\t\t\t\tPol\u00edtiuca de Privacidad\t\t\t\t\t\t\t<\/label>\n\t\t\t\t\t\t\t\t<div class=\"elementor-field-subgroup\">\n\t\t\t<span class=\"elementor-field-option\">\n\t\t\t\t<input type=\"checkbox\" name=\"form_fields[field_7850d80]\" id=\"form-field-field_7850d80\" class=\"elementor-field elementor-size-sm  elementor-acceptance-field\" required=\"required\">\n\t\t\t\t<label for=\"form-field-field_7850d80\">He le\u00eddo y acepto la <a href=\"https:\/\/consuladouy-bcn.es\/httpdocs\/?page_id=5905\";>Pol\u00edtica de Privacidad<\/a><\/label>\t\t\t<\/span>\n\t\t<\/div>\n\t\t\t\t\t\t<\/div>\n\t\t\t\t\t\t\t\t<div class=\"elementor-field-type-recaptcha_v3 elementor-field-group elementor-column elementor-field-group-field_9e8d482 elementor-col-100 recaptcha_v3-bottomright\">\n\t\t\t\t\t<div class=\"elementor-field\" id=\"form-field-field_9e8d482\"><div class=\"elementor-g-recaptcha\" data-sitekey=\"6LcargYlAAAAAKDTUpPOqinSVsxxw_sqC8ICQY6r\" data-type=\"v3\" data-action=\"Form\" data-badge=\"bottomright\" data-size=\"invisible\"><\/div><\/div>\t\t\t\t<\/div>\n\t\t\t\t\t\t\t\t<div class=\"elementor-field-group elementor-column elementor-field-type-submit elementor-col-100 e-form__buttons\">\n\t\t\t\t\t<button class=\"elementor-button elementor-size-md\" type=\"submit\">\n\t\t\t\t\t\t<span class=\"elementor-button-content-wrapper\">\n\t\t\t\t\t\t\t\t\t\t\t\t\t\t\t\t\t\t\t\t\t\t<span class=\"elementor-button-text\">Enviar <\/span>\n\t\t\t\t\t\t\t\t\t\t\t\t\t<\/span>\n\t\t\t\t\t<\/button>\n\t\t\t\t<\/div>\n\t\t\t<\/div>\n\t\t<\/form>\n\t\t\t\t\t\t<\/div>\n\t\t\t\t<\/div>\n\t\t\t\t\t<\/div>\n\t\t<\/div>\n\t\t\t\t\t<\/div>\n\t\t<\/section>\n\t\t\t\t<\/div>\n\t\t","protected":false},"excerpt":{"rendered":"<p>Uruguay es un pa\u00eds abierto, que ha basado su posicionamiento internacional en el respeto, la estabilidad jur\u00eddica y la cooperaci\u00f3n. Nos enorgullecemos del pa\u00eds que hemos construido, a base de la dedicaci\u00f3n y el esfuerzo de generaciones, procurando alcanzar una mejor calidad de vida. Siendo un pa\u00eds peque\u00f1o en el concierto de naciones, Uruguay destaca&#8230;<\/p>\n","protected":false},"author":6445,"featured_media":0,"parent":0,"menu_order":4,"comment_status":"closed","ping_status":"closed","template":"","meta":{"_kad_post_transparent":"","_kad_post_title":"","_kad_post_layout":"","_kad_post_sidebar_id":"","_kad_post_content_style":"","_kad_post_vertical_padding":"","_kad_post_feature":"","_kad_post_feature_position":"","_kad_post_header":false,"_kad_post_footer":false,"footnotes":""},"class_list":["post-37","page","type-page","status-publish","hentry"],"_links":{"self":[{"href":"https:\/\/consuladouy-bcn.es\/httpdocs\/wp-json\/wp\/v2\/pages\/37","targetHints":{"allow":["GET"]}}],"collection":[{"href":"https:\/\/consuladouy-bcn.es\/httpdocs\/wp-json\/wp\/v2\/pages"}],"about":[{"href":"https:\/\/consuladouy-bcn.es\/httpdocs\/wp-json\/wp\/v2\/types\/page"}],"author":[{"embeddable":true,"href":"https:\/\/consuladouy-bcn.es\/httpdocs\/wp-json\/wp\/v2\/users\/6445"}],"replies":[{"embeddable":true,"href":"https:\/\/consuladouy-bcn.es\/httpdocs\/wp-json\/wp\/v2\/comments?post=37"}],"version-history":[{"count":90,"href":"https:\/\/consuladouy-bcn.es\/httpdocs\/wp-json\/wp\/v2\/pages\/37\/revisions"}],"predecessor-version":[{"id":10406,"href":"https:\/\/consuladouy-bcn.es\/httpdocs\/wp-json\/wp\/v2\/pages\/37\/revisions\/10406"}],"wp:attachment":[{"href":"https:\/\/consuladouy-bcn.es\/httpdocs\/wp-json\/wp\/v2\/media?parent=37"}],"curies":[{"name":"wp","href":"https:\/\/api.w.org\/{rel}","templated":true}]}}