{"id":12853,"date":"2025-11-21T02:20:38","date_gmt":"2025-11-21T01:20:38","guid":{"rendered":"https:\/\/consuladouy-bcn.es\/httpdocs\/?page_id=12853"},"modified":"2025-11-21T02:25:43","modified_gmt":"2025-11-21T01:25:43","slug":"directorio-artistas-uruguayos","status":"publish","type":"page","link":"https:\/\/consuladouy-bcn.es\/httpdocs\/directorio-artistas-uruguayos\/","title":{"rendered":"Directorio Artistas Uruguayos"},"content":{"rendered":"\t\t<div data-elementor-type=\"wp-page\" data-elementor-id=\"12853\" class=\"elementor elementor-12853\" data-elementor-post-type=\"page\">\n\t\t\t\t<div class=\"elementor-element elementor-element-7c41afa e-flex e-con-boxed e-con e-parent\" data-id=\"7c41afa\" data-element_type=\"container\" data-e-type=\"container\">\n\t\t\t\t\t<div class=\"e-con-inner\">\n\t\t\t\t<div class=\"elementor-element elementor-element-bef0cca elementor-widget elementor-widget-heading\" data-id=\"bef0cca\" data-element_type=\"widget\" data-e-type=\"widget\" data-widget_type=\"heading.default\">\n\t\t\t\t<div class=\"elementor-widget-container\">\n\t\t\t\t\t<h2 class=\"elementor-heading-title elementor-size-default\">Directorio Artistas Uruguayos<\/h2>\t\t\t\t<\/div>\n\t\t\t\t<\/div>\n\t\t\t\t<div class=\"elementor-element elementor-element-25d9ed1 elementor-widget elementor-widget-text-editor\" data-id=\"25d9ed1\" data-element_type=\"widget\" data-e-type=\"widget\" data-widget_type=\"text-editor.default\">\n\t\t\t\t<div class=\"elementor-widget-container\">\n\t\t\t\t\t\t\t\t\t<p dir=\"auto\" style=\"white-space-collapse: preserve;\">El Consulado General del Uruguay en Barcelona ha creado un Directorio de Artistas Uruguayos residentes en Catalu\u00f1a, Arag\u00f3n, Islas Baleares y Principado de Andorra, con el objetivo de visibilizar y promover el talento de nuestros compatriotas en las diferentes disciplinas art\u00edsticas (m\u00fasica, artes visuales, literatura, danza, teatro, cine, dise\u00f1o, etc.).<\/p>\n<p dir=\"auto\" style=\"white-space-collapse: preserve;\">Consideramos fundamental difundir la obra de nuestros artistas para fortalecer los v\u00ednculos culturales de la colectividad uruguaya en esta jurisdicci\u00f3n, facilitar el conocimiento mutuo entre los propios artistas y la comunidad, y generar oportunidades de colaboraci\u00f3n, exhibici\u00f3n y networking.<\/p>\n<p dir=\"auto\" style=\"white-space-collapse: preserve;\">Si eres artista uruguayo\/a (o tienes doble nacionalidad incluyendo la uruguaya) y resides en Catalu\u00f1a, Arag\u00f3n, Islas Baleares o Principado de Andorra, y deseas formar parte de este directorio, te invitamos a enviarnos tu informaci\u00f3n (nombre art\u00edstico\/completo, disciplina, breve rese\u00f1a, contactos y enlaces a redes\/portafolio) al correo: <a href=\"mailto:cgbarcelona@mrree.gub.uy\" target=\"_blank\" rel=\"noopener noreferrer nofollow\">cgbarcelona@mrree.gub.uy<\/a> Asunto: \u201cInclusi\u00f3n en Directorio de Artistas Uruguayos\u201d<\/p>\n<p dir=\"auto\" style=\"white-space-collapse: preserve;\">\u00a1Sumate y hagamos que la cultura uruguaya brille a\u00fan m\u00e1s en esta regi\u00f3n!<\/p>\n<p><\/p>\n<p dir=\"auto\" style=\"white-space-collapse: preserve;\">Consulado General del Uruguay en Barcelona<\/p>\t\t\t\t\t\t\t\t<\/div>\n\t\t\t\t<\/div>\n\t\t\t\t\t<\/div>\n\t\t\t\t<\/div>\n\t\t<div class=\"elementor-element elementor-element-25f4092 e-flex e-con-boxed e-con e-parent\" data-id=\"25f4092\" data-element_type=\"container\" data-e-type=\"container\">\n\t\t\t\t\t<div class=\"e-con-inner\">\n\t\t\t\t<div class=\"elementor-element elementor-element-8f00718 elementor-widget elementor-widget-text-editor\" data-id=\"8f00718\" data-element_type=\"widget\" data-e-type=\"widget\" data-widget_type=\"text-editor.default\">\n\t\t\t\t<div class=\"elementor-widget-container\">\n\t\t\t\t\t\t\t\t\t<div class=\"rt-container-fluid tlp-portfolio tlp-portfolio-container\" id=\"tlp-portfolio-container-11665\" data-layout=\"layout1\"><div class=\"rt-row layout1 \" data-title='Cargando...'>\r\n<div class=\"tlp-col-md-4 tlp-col-sm-6 tlp-col-xs-12 tlp-single-item tlp-grid-item tlp-equal-height\">\r\n\t<div class=\"tlp-portfolio-item\">\r\n\t\t\t\t\t\t\t\t\t<div class=\"tlp-portfolio-thum tlp-item\">\r\n\t\t\t<img fetchpriority=\"high\" decoding=\"async\" width=\"300\" height=\"286\" src=\"https:\/\/consuladouy-bcn.es\/wp-content\/uploads\/2025\/11\/Yamandu-Canosa-Foto-300x286.jpg\" class=\"img-responsive\" alt=\"\" \/>\r\n\t\t\t<div class=\"tlp-overlay\">\r\n\t\t\t\t<p class=\"link-icon\">\r\n\t\t\t\t\t\r\n\t\t\t\t\t<a href=\"https:\/\/consuladouy-bcn.es\/httpdocs\/portfolio\/canosa-yamandu\/\" aria-label=\"Canosa Yamand\u00fa\"><i class=\"demo-icon icon-link-ext\"><\/i><\/a>\r\n\t\t\t\t<\/p>\r\n\t\t\t<\/div>\r\n\t\t<\/div><div class=\"tlp-content\">\r\n                        <div class=\"tlp-content-holder\">\r\n                            <h3><a href=\"https:\/\/consuladouy-bcn.es\/httpdocs\/portfolio\/canosa-yamandu\/\" aria-label=\"Canosa Yamand\u00fa\">Canosa Yamand\u00fa<\/a><\/h3>\r\n                            <div class=\"extra-features\"> <div class=\"tlp-portfolio-sd\">Artista Uruguayo (Montevideo, 1954) \r\nAfincado en Barcelona desde 1975. Retrospectiva El \u00e1rbol de los frutos diferentes (Fundaci\u00f3 Su\u00f1ol, 2011), Premio Figari 2007 y obra en colecciones como \u00abla Caixa\u00bb y Reina Sof\u00eda.\r\n<\/div> <\/div>\r\n                        <\/div>\r\n                    <\/div>\t<\/div>\r\n<\/div>\r\n\r\n\r\n<div class=\"tlp-col-md-4 tlp-col-sm-6 tlp-col-xs-12 tlp-single-item tlp-grid-item tlp-equal-height\">\r\n\t<div class=\"tlp-portfolio-item\">\r\n\t\t\t\t\t\t\t\t\t<div class=\"tlp-portfolio-thum tlp-item\">\r\n\t\t\t<img decoding=\"async\" width=\"289\" height=\"300\" src=\"https:\/\/consuladouy-bcn.es\/wp-content\/uploads\/2025\/11\/foto_ger-289x300.jpg\" class=\"img-responsive\" alt=\"\" \/>\r\n\t\t\t<div class=\"tlp-overlay\">\r\n\t\t\t\t<p class=\"link-icon\">\r\n\t\t\t\t\t\r\n\t\t\t\t\t<a href=\"https:\/\/consuladouy-bcn.es\/httpdocs\/portfolio\/cardoso-german\/\" aria-label=\"Cardoso German\"><i class=\"demo-icon icon-link-ext\"><\/i><\/a>\r\n\t\t\t\t<\/p>\r\n\t\t\t<\/div>\r\n\t\t<\/div><div class=\"tlp-content\">\r\n                        <div class=\"tlp-content-holder\">\r\n                            <h3><a href=\"https:\/\/consuladouy-bcn.es\/httpdocs\/portfolio\/cardoso-german\/\" aria-label=\"Cardoso German\">Cardoso German<\/a><\/h3>\r\n                            <div class=\"extra-features\"> <div class=\"tlp-portfolio-sd\">Artista Uruguayo (Montevideo, 1970). Formado en arquitectura y dedicado al dise\u00f1o gr\u00e1fico editorial, explora desde hace a\u00f1os el collage anal\u00f3gico y digital como eje de su obra.<\/div> <\/div>\r\n                        <\/div>\r\n                    <\/div>\t<\/div>\r\n<\/div>\r\n\r\n\r\n<div class=\"tlp-col-md-4 tlp-col-sm-6 tlp-col-xs-12 tlp-single-item tlp-grid-item tlp-equal-height\">\r\n\t<div class=\"tlp-portfolio-item\">\r\n\t\t\t\t\t\t\t\t\t<div class=\"tlp-portfolio-thum tlp-item\">\r\n\t\t\t<img decoding=\"async\" width=\"225\" height=\"300\" src=\"https:\/\/consuladouy-bcn.es\/wp-content\/uploads\/2025\/11\/Foto-Jimena-Lucas1-225x300.jpg\" class=\"img-responsive\" alt=\"\" \/>\r\n\t\t\t<div class=\"tlp-overlay\">\r\n\t\t\t\t<p class=\"link-icon\">\r\n\t\t\t\t\t\r\n\t\t\t\t\t<a href=\"https:\/\/consuladouy-bcn.es\/httpdocs\/portfolio\/lucas-jimena\/\" aria-label=\"Lucas Jimena\"><i class=\"demo-icon icon-link-ext\"><\/i><\/a>\r\n\t\t\t\t<\/p>\r\n\t\t\t<\/div>\r\n\t\t<\/div><div class=\"tlp-content\">\r\n                        <div class=\"tlp-content-holder\">\r\n                            <h3><a href=\"https:\/\/consuladouy-bcn.es\/httpdocs\/portfolio\/lucas-jimena\/\" aria-label=\"Lucas Jimena\">Lucas Jimena<\/a><\/h3>\r\n                            <div class=\"extra-features\"> <div class=\"tlp-portfolio-sd\">Jimena Lucas (Montevideo, 1979) es artista multidisciplinar y escritora. Su pr\u00e1ctica abarca escultura, instalaci\u00f3n, pintura, collage, telar y ensamblaje, con una investigaci\u00f3n centrada en la conciencia, el exilio y la infancia desplazada. <\/div> <\/div>\r\n                        <\/div>\r\n                    <\/div>\t<\/div>\r\n<\/div>\r\n\r\n\r\n<div class=\"tlp-col-md-4 tlp-col-sm-6 tlp-col-xs-12 tlp-single-item tlp-grid-item tlp-equal-height\">\r\n\t<div class=\"tlp-portfolio-item\">\r\n\t\t\t\t\t\t\t\t\t<div class=\"tlp-portfolio-thum tlp-item\">\r\n\t\t\t<img loading=\"lazy\" decoding=\"async\" width=\"200\" height=\"300\" src=\"https:\/\/consuladouy-bcn.es\/wp-content\/uploads\/2025\/11\/Foto-Leandro-Marziotte-\u00a9ToniBofill-200x300.jpg\" class=\"img-responsive\" alt=\"\" \/>\r\n\t\t\t<div class=\"tlp-overlay\">\r\n\t\t\t\t<p class=\"link-icon\">\r\n\t\t\t\t\t\r\n\t\t\t\t\t<a href=\"https:\/\/consuladouy-bcn.es\/httpdocs\/portfolio\/marziotte-leandro\/\" aria-label=\"Marziotte Leandro\"><i class=\"demo-icon icon-link-ext\"><\/i><\/a>\r\n\t\t\t\t<\/p>\r\n\t\t\t<\/div>\r\n\t\t<\/div><div class=\"tlp-content\">\r\n                        <div class=\"tlp-content-holder\">\r\n                            <h3><a href=\"https:\/\/consuladouy-bcn.es\/httpdocs\/portfolio\/marziotte-leandro\/\" aria-label=\"Marziotte Leandro\">Marziotte Leandro<\/a><\/h3>\r\n                            <div class=\"extra-features\"> <div class=\"tlp-portfolio-sd\">Artista Uruguayo (Salto,) Es un contratenor uruguayo reconocido internacionalmente, ganador del Primer Premio en el Concurso Internacional H\u00e4ndel de G\u00f6ttingen y finalista del Concurso Internacional de Contratenores de Lugano. <\/div> <\/div>\r\n                        <\/div>\r\n                    <\/div>\t<\/div>\r\n<\/div>\r\n\r\n\r\n<div class=\"tlp-col-md-4 tlp-col-sm-6 tlp-col-xs-12 tlp-single-item tlp-grid-item tlp-equal-height\">\r\n\t<div class=\"tlp-portfolio-item\">\r\n\t\t\t\t\t\t\t\t\t<div class=\"tlp-portfolio-thum tlp-item\">\r\n\t\t\t<img loading=\"lazy\" decoding=\"async\" width=\"243\" height=\"300\" src=\"https:\/\/consuladouy-bcn.es\/wp-content\/uploads\/2025\/11\/foto-Patrone-243x300.jpg\" class=\"img-responsive\" alt=\"\" \/>\r\n\t\t\t<div class=\"tlp-overlay\">\r\n\t\t\t\t<p class=\"link-icon\">\r\n\t\t\t\t\t\r\n\t\t\t\t\t<a href=\"https:\/\/consuladouy-bcn.es\/httpdocs\/portfolio\/virginia-patrone\/\" aria-label=\"Patrone Virginia\"><i class=\"demo-icon icon-link-ext\"><\/i><\/a>\r\n\t\t\t\t<\/p>\r\n\t\t\t<\/div>\r\n\t\t<\/div><div class=\"tlp-content\">\r\n                        <div class=\"tlp-content-holder\">\r\n                            <h3><a href=\"https:\/\/consuladouy-bcn.es\/httpdocs\/portfolio\/virginia-patrone\/\" aria-label=\"Patrone Virginia\">Patrone Virginia<\/a><\/h3>\r\n                            <div class=\"extra-features\"> <div class=\"tlp-portfolio-sd\">Artista Uruguaya (Montevideo, 1950). Afincada en Barcelona. Trabaja en el cruce de dibujo, pintura, teatro, poes\u00eda y video, explorando lo femenino, la violencia machista, el amor y la locura. <\/div> <\/div>\r\n                        <\/div>\r\n                    <\/div>\t<\/div>\r\n<\/div>\r\n\r\n\r\n<div class=\"tlp-col-md-4 tlp-col-sm-6 tlp-col-xs-12 tlp-single-item tlp-grid-item tlp-equal-height\">\r\n\t<div class=\"tlp-portfolio-item\">\r\n\t\t\t\t\t\t\t\t\t<div class=\"tlp-portfolio-thum tlp-item\">\r\n\t\t\t<img loading=\"lazy\" decoding=\"async\" width=\"300\" height=\"300\" src=\"https:\/\/consuladouy-bcn.es\/wp-content\/uploads\/2025\/11\/YO-MARZO-2023-300x300.jpg\" class=\"img-responsive\" alt=\"\" \/>\r\n\t\t\t<div class=\"tlp-overlay\">\r\n\t\t\t\t<p class=\"link-icon\">\r\n\t\t\t\t\t\r\n\t\t\t\t\t<a href=\"https:\/\/consuladouy-bcn.es\/httpdocs\/portfolio\/salvador-valente-2\/\" aria-label=\"Valente Salvador\"><i class=\"demo-icon icon-link-ext\"><\/i><\/a>\r\n\t\t\t\t<\/p>\r\n\t\t\t<\/div>\r\n\t\t<\/div><div class=\"tlp-content\">\r\n                        <div class=\"tlp-content-holder\">\r\n                            <h3><a href=\"https:\/\/consuladouy-bcn.es\/httpdocs\/portfolio\/salvador-valente-2\/\" aria-label=\"Valente Salvador\">Valente Salvador<\/a><\/h3>\r\n                            <div class=\"extra-features\"> <div class=\"tlp-portfolio-sd\">Artista Uruguayo (Montevideo, 1945). Afincado en Barcelona desde 1978. Formado en la Escuela de Bellas Artes de Montevideo y becado en Italia. <\/div> <\/div>\r\n                        <\/div>\r\n                    <\/div>\t<\/div>\r\n<\/div>\r\n\r\n\r\n<div class=\"tlp-col-md-4 tlp-col-sm-6 tlp-col-xs-12 tlp-single-item tlp-grid-item tlp-equal-height\">\r\n\t<div class=\"tlp-portfolio-item\">\r\n\t\t\t\t\t\t\t\t\t<div class=\"tlp-portfolio-thum tlp-item\">\r\n\t\t\t<img loading=\"lazy\" decoding=\"async\" width=\"300\" height=\"287\" src=\"https:\/\/consuladouy-bcn.es\/wp-content\/uploads\/2026\/03\/juan-300x287.png\" class=\"img-responsive\" alt=\"\" \/>\r\n\t\t\t<div class=\"tlp-overlay\">\r\n\t\t\t\t<p class=\"link-icon\">\r\n\t\t\t\t\t\r\n\t\t\t\t\t<a href=\"https:\/\/consuladouy-bcn.es\/httpdocs\/portfolio\/maestro-ju-juan-angel-umpierrez-rapetti\/\" aria-label=\"Maestro Ju (Juan \u00c1ngel Umpierrez Rapetti)\"><i class=\"demo-icon icon-link-ext\"><\/i><\/a>\r\n\t\t\t\t<\/p>\r\n\t\t\t<\/div>\r\n\t\t<\/div><div class=\"tlp-content\">\r\n                        <div class=\"tlp-content-holder\">\r\n                            <h3><a href=\"https:\/\/consuladouy-bcn.es\/httpdocs\/portfolio\/maestro-ju-juan-angel-umpierrez-rapetti\/\" aria-label=\"Maestro Ju (Juan \u00c1ngel Umpierrez Rapetti)\">Maestro Ju (Juan \u00c1ngel Umpierrez Rapetti)<\/a><\/h3>\r\n                            <div class=\"extra-features\"> <div class=\"tlp-portfolio-sd\">Residente en Mallorca desde 2003, Juan \u00c1ngel Umpierrez Rapetti es un escritor y productor musical uruguayo que desarrolla su obra bajo el seud\u00f3nimo Maestro Ju. Su propuesta art\u00edstica integra la identidad rioplatense con la experiencia de la di\u00e1spora, utilizando la m\u00fasica y la literatura como puentes de uni\u00f3n para la comunidad uruguaya en el exterior.<\/div> <\/div>\r\n                        <\/div>\r\n                    <\/div>\t<\/div>\r\n<\/div>\r\n\r\n\r\n<div class=\"tlp-col-md-4 tlp-col-sm-6 tlp-col-xs-12 tlp-single-item tlp-grid-item tlp-equal-height\">\r\n\t<div class=\"tlp-portfolio-item\">\r\n\t\t\t\t\t\t\t\t\t<div class=\"tlp-portfolio-thum tlp-item\">\r\n\t\t\t<img loading=\"lazy\" decoding=\"async\" width=\"174\" height=\"300\" src=\"https:\/\/consuladouy-bcn.es\/wp-content\/uploads\/2026\/03\/image1-174x300.jpeg\" class=\"img-responsive\" alt=\"\" \/>\r\n\t\t\t<div class=\"tlp-overlay\">\r\n\t\t\t\t<p class=\"link-icon\">\r\n\t\t\t\t\t\r\n\t\t\t\t\t<a href=\"https:\/\/consuladouy-bcn.es\/httpdocs\/portfolio\/juan-jose-pereira-barcena\/\" aria-label=\"Juan Jose Pereira Barcena\"><i class=\"demo-icon icon-link-ext\"><\/i><\/a>\r\n\t\t\t\t<\/p>\r\n\t\t\t<\/div>\r\n\t\t<\/div><div class=\"tlp-content\">\r\n                        <div class=\"tlp-content-holder\">\r\n                            <h3><a href=\"https:\/\/consuladouy-bcn.es\/httpdocs\/portfolio\/juan-jose-pereira-barcena\/\" aria-label=\"Juan Jose Pereira Barcena\">Juan Jose Pereira Barcena<\/a><\/h3>\r\n                            <div class=\"extra-features\"> <div class=\"tlp-portfolio-sd\">Nacido en Montevideo en 1968, Juan Jos\u00e9 Pereira Barcena, conocido bajo el seud\u00f3nimo art\u00edstico de Kancis, es un artista pl\u00e1stico cuya obra se fundamenta en la b\u00fasqueda constante de texturas y el uso de materiales con historia. De formaci\u00f3n autodidacta, ha integrado disciplinas como el dibujo publicitario y el escaparatismo en su desarrollo creativo.<\/div> <\/div>\r\n                        <\/div>\r\n                    <\/div>\t<\/div>\r\n<\/div>\r\n\r\n\r\n<div class=\"tlp-col-md-4 tlp-col-sm-6 tlp-col-xs-12 tlp-single-item tlp-grid-item tlp-equal-height\">\r\n\t<div class=\"tlp-portfolio-item\">\r\n\t\t\t\t\t\t\t\t\t<div class=\"tlp-portfolio-thum tlp-item\">\r\n\t\t\t<img loading=\"lazy\" decoding=\"async\" width=\"143\" height=\"158\" src=\"https:\/\/consuladouy-bcn.es\/wp-content\/uploads\/2026\/04\/DUO-AIRES-ORIENTALES.jpg\" class=\"img-responsive\" alt=\"\" \/>\r\n\t\t\t<div class=\"tlp-overlay\">\r\n\t\t\t\t<p class=\"link-icon\">\r\n\t\t\t\t\t\r\n\t\t\t\t\t<a href=\"https:\/\/consuladouy-bcn.es\/httpdocs\/portfolio\/duo-folklorico-aires-orientales\/\" aria-label=\"D\u00fao Folkl\u00f3rico Aires Orientales\"><i class=\"demo-icon icon-link-ext\"><\/i><\/a>\r\n\t\t\t\t<\/p>\r\n\t\t\t<\/div>\r\n\t\t<\/div><div class=\"tlp-content\">\r\n                        <div class=\"tlp-content-holder\">\r\n                            <h3><a href=\"https:\/\/consuladouy-bcn.es\/httpdocs\/portfolio\/duo-folklorico-aires-orientales\/\" aria-label=\"D\u00fao Folkl\u00f3rico Aires Orientales\">D\u00fao Folkl\u00f3rico Aires Orientales<\/a><\/h3>\r\n                            <div class=\"extra-features\"> <div class=\"tlp-portfolio-sd\">Danza Folkl\u00f3rica Uruguaya\r\nRese\u00f1a Biogr\u00e1fica\r\nSe trata de una pareja de bailarines uruguayos residentes en Barcelona, dedicados a la difusi\u00f3n del folklore y las ra\u00edces orientales a trav\u00e9s del arte y la danza tradicional. <\/div> <\/div>\r\n                        <\/div>\r\n                    <\/div>\t<\/div>\r\n<\/div>\r\n\r\n<\/div><\/div>\t\t\t\t\t\t\t\t<\/div>\n\t\t\t\t<\/div>\n\t\t\t\t\t<\/div>\n\t\t\t\t<\/div>\n\t\t\t\t<\/div>\n\t\t","protected":false},"excerpt":{"rendered":"<p>Directorio Artistas Uruguayos El Consulado General del Uruguay en Barcelona ha creado un Directorio de Artistas Uruguayos residentes en Catalu\u00f1a, Arag\u00f3n, Islas Baleares y Principado de Andorra, con el objetivo de visibilizar y promover el talento de nuestros compatriotas en las diferentes disciplinas art\u00edsticas (m\u00fasica, artes visuales, literatura, danza, teatro, cine, dise\u00f1o, etc.). Consideramos fundamental&#8230;<\/p>\n","protected":false},"author":6445,"featured_media":0,"parent":0,"menu_order":0,"comment_status":"closed","ping_status":"closed","template":"","meta":{"_kad_post_transparent":"","_kad_post_title":"hide","_kad_post_layout":"fullwidth","_kad_post_sidebar_id":"","_kad_post_content_style":"unboxed","_kad_post_vertical_padding":"hide","_kad_post_feature":"hide","_kad_post_feature_position":"","_kad_post_header":false,"_kad_post_footer":false,"footnotes":""},"class_list":["post-12853","page","type-page","status-publish","hentry"],"_links":{"self":[{"href":"https:\/\/consuladouy-bcn.es\/httpdocs\/wp-json\/wp\/v2\/pages\/12853","targetHints":{"allow":["GET"]}}],"collection":[{"href":"https:\/\/consuladouy-bcn.es\/httpdocs\/wp-json\/wp\/v2\/pages"}],"about":[{"href":"https:\/\/consuladouy-bcn.es\/httpdocs\/wp-json\/wp\/v2\/types\/page"}],"author":[{"embeddable":true,"href":"https:\/\/consuladouy-bcn.es\/httpdocs\/wp-json\/wp\/v2\/users\/6445"}],"replies":[{"embeddable":true,"href":"https:\/\/consuladouy-bcn.es\/httpdocs\/wp-json\/wp\/v2\/comments?post=12853"}],"version-history":[{"count":4,"href":"https:\/\/consuladouy-bcn.es\/httpdocs\/wp-json\/wp\/v2\/pages\/12853\/revisions"}],"predecessor-version":[{"id":12858,"href":"https:\/\/consuladouy-bcn.es\/httpdocs\/wp-json\/wp\/v2\/pages\/12853\/revisions\/12858"}],"wp:attachment":[{"href":"https:\/\/consuladouy-bcn.es\/httpdocs\/wp-json\/wp\/v2\/media?parent=12853"}],"curies":[{"name":"wp","href":"https:\/\/api.w.org\/{rel}","templated":true}]}}