{"id":11466,"date":"2025-11-12T00:48:50","date_gmt":"2025-11-11T23:48:50","guid":{"rendered":"https:\/\/consuladouy-bcn.es\/httpdocs\/?page_id=11466"},"modified":"2025-11-12T00:50:42","modified_gmt":"2025-11-11T23:50:42","slug":"registro-unico-de-uruguayos-en-el-exterior-ruue","status":"publish","type":"page","link":"https:\/\/consuladouy-bcn.es\/httpdocs\/registro-unico-de-uruguayos-en-el-exterior-ruue\/","title":{"rendered":"Registro \u00danico de Uruguayos en el Exterior (RUUE)"},"content":{"rendered":"\t\t<div data-elementor-type=\"wp-page\" data-elementor-id=\"11466\" class=\"elementor elementor-11466\" data-elementor-post-type=\"page\">\n\t\t\t\t<div class=\"elementor-element elementor-element-fcf1b90 e-flex e-con-boxed e-con e-parent\" data-id=\"fcf1b90\" data-element_type=\"container\" data-e-type=\"container\">\n\t\t\t\t\t<div class=\"e-con-inner\">\n\t\t\t\t<div class=\"elementor-element elementor-element-a1e81c3 elementor-widget elementor-widget-heading\" data-id=\"a1e81c3\" data-element_type=\"widget\" data-e-type=\"widget\" data-widget_type=\"heading.default\">\n\t\t\t\t<div class=\"elementor-widget-container\">\n\t\t\t\t\t<h2 class=\"elementor-heading-title elementor-size-default\">Registro \u00danico Uruguayos en el Exterior (RUUE)<\/h2>\t\t\t\t<\/div>\n\t\t\t\t<\/div>\n\t\t\t\t\t<\/div>\n\t\t\t\t<\/div>\n\t\t<div class=\"elementor-element elementor-element-ffb64d4 e-flex e-con-boxed e-con e-parent\" data-id=\"ffb64d4\" data-element_type=\"container\" data-e-type=\"container\">\n\t\t\t\t\t<div class=\"e-con-inner\">\n\t\t\t\t<div class=\"elementor-element elementor-element-a77d69f elementor-widget elementor-widget-text-editor\" data-id=\"a77d69f\" data-element_type=\"widget\" data-e-type=\"widget\" data-widget_type=\"text-editor.default\">\n\t\t\t\t<div class=\"elementor-widget-container\">\n\t\t\t\t\t\t\t\t\t<p style=\"margin-bottom: 32px;\">Se informa que dando cumplimiento a una demanda de larga data de los compatriotas en el exterior, se ha lanzado el Registro \u00fanico de Uruguayos en el Exterior (RUUE) del Ministerio de Relaciones Exteriores.<\/p><p style=\"margin-bottom: 32px;\">El registro de uruguayos tiene el prop\u00f3sito de centralizar la informaci\u00f3n relativa a los connacionales en el exterior, a efectos de reunir datos de importancia y poder comunicar informaci\u00f3n de relevancia sobre actividades de Embajadas y Consulados.<\/p><p style=\"margin-bottom: 32px;\">Atento a lo expuesto, si desea registrarse, podr\u00e1 hacerlo en el siguiente enlace:<\/p><p style=\"margin-bottom: 32px;\"><a href=\"https:\/\/ruue.mrree.gub.uy\/login\"><b>https:\/\/ruue.mrree.gub.uy\/login<\/b><\/a><\/p>\t\t\t\t\t\t\t\t<\/div>\n\t\t\t\t<\/div>\n\t\t\t\t\t<\/div>\n\t\t\t\t<\/div>\n\t\t<div class=\"elementor-element elementor-element-95ce745 e-flex e-con-boxed e-con e-parent\" data-id=\"95ce745\" data-element_type=\"container\" data-e-type=\"container\">\n\t\t\t\t\t<div class=\"e-con-inner\">\n\t\t\t\t<div class=\"elementor-element elementor-element-39e48a2 elementor-widget elementor-widget-image\" data-id=\"39e48a2\" data-element_type=\"widget\" data-e-type=\"widget\" data-widget_type=\"image.default\">\n\t\t\t\t<div class=\"elementor-widget-container\">\n\t\t\t\t\t\t\t\t\t\t\t\t\t\t\t\t<a href=\"https:\/\/ruue.mrree.gub.uy\/login\">\n\t\t\t\t\t\t\t<img fetchpriority=\"high\" decoding=\"async\" width=\"525\" height=\"541\" src=\"https:\/\/consuladouy-bcn.es\/wp-content\/uploads\/2025\/11\/RUUE.png\" class=\"attachment-large size-large wp-image-11468\" alt=\"\" srcset=\"https:\/\/consuladouy-bcn.es\/wp-content\/uploads\/2025\/11\/RUUE.png 525w, https:\/\/consuladouy-bcn.es\/wp-content\/uploads\/2025\/11\/RUUE-291x300.png 291w\" sizes=\"(max-width: 525px) 100vw, 525px\" \/>\t\t\t\t\t\t\t\t<\/a>\n\t\t\t\t\t\t\t\t\t\t\t\t\t\t\t<\/div>\n\t\t\t\t<\/div>\n\t\t\t\t\t<\/div>\n\t\t\t\t<\/div>\n\t\t\t\t<\/div>\n\t\t","protected":false},"excerpt":{"rendered":"<p>Registro \u00danico Uruguayos en el Exterior (RUUE) Se informa que dando cumplimiento a una demanda de larga data de los compatriotas en el exterior, se ha lanzado el Registro \u00fanico de Uruguayos en el Exterior (RUUE) del Ministerio de Relaciones Exteriores. El registro de uruguayos tiene el prop\u00f3sito de centralizar la informaci\u00f3n relativa a los&#8230;<\/p>\n","protected":false},"author":6445,"featured_media":0,"parent":0,"menu_order":0,"comment_status":"closed","ping_status":"closed","template":"","meta":{"_kad_post_transparent":"","_kad_post_title":"hide","_kad_post_layout":"fullwidth","_kad_post_sidebar_id":"","_kad_post_content_style":"unboxed","_kad_post_vertical_padding":"hide","_kad_post_feature":"hide","_kad_post_feature_position":"","_kad_post_header":false,"_kad_post_footer":false,"footnotes":""},"class_list":["post-11466","page","type-page","status-publish","hentry"],"_links":{"self":[{"href":"https:\/\/consuladouy-bcn.es\/httpdocs\/wp-json\/wp\/v2\/pages\/11466","targetHints":{"allow":["GET"]}}],"collection":[{"href":"https:\/\/consuladouy-bcn.es\/httpdocs\/wp-json\/wp\/v2\/pages"}],"about":[{"href":"https:\/\/consuladouy-bcn.es\/httpdocs\/wp-json\/wp\/v2\/types\/page"}],"author":[{"embeddable":true,"href":"https:\/\/consuladouy-bcn.es\/httpdocs\/wp-json\/wp\/v2\/users\/6445"}],"replies":[{"embeddable":true,"href":"https:\/\/consuladouy-bcn.es\/httpdocs\/wp-json\/wp\/v2\/comments?post=11466"}],"version-history":[{"count":4,"href":"https:\/\/consuladouy-bcn.es\/httpdocs\/wp-json\/wp\/v2\/pages\/11466\/revisions"}],"predecessor-version":[{"id":11471,"href":"https:\/\/consuladouy-bcn.es\/httpdocs\/wp-json\/wp\/v2\/pages\/11466\/revisions\/11471"}],"wp:attachment":[{"href":"https:\/\/consuladouy-bcn.es\/httpdocs\/wp-json\/wp\/v2\/media?parent=11466"}],"curies":[{"name":"wp","href":"https:\/\/api.w.org\/{rel}","templated":true}]}}