{"id":11449,"date":"2025-11-12T00:24:44","date_gmt":"2025-11-11T23:24:44","guid":{"rendered":"https:\/\/consuladouy-bcn.es\/httpdocs\/?page_id=11449"},"modified":"2025-12-01T00:42:37","modified_gmt":"2025-11-30T23:42:37","slug":"directorio-emprendimientos-empresas","status":"publish","type":"page","link":"https:\/\/consuladouy-bcn.es\/httpdocs\/directorio-emprendimientos-empresas\/","title":{"rendered":"Directorio Emprendimientos\/Empresas"},"content":{"rendered":"\t\t<div data-elementor-type=\"wp-page\" data-elementor-id=\"11449\" class=\"elementor elementor-11449\" data-elementor-post-type=\"page\">\n\t\t\t\t<div class=\"elementor-element elementor-element-4a36e5b e-flex e-con-boxed e-con e-parent\" data-id=\"4a36e5b\" data-element_type=\"container\" data-e-type=\"container\">\n\t\t\t\t\t<div class=\"e-con-inner\">\n\t\t\t\t<div class=\"elementor-element elementor-element-5cd2609 elementor-widget elementor-widget-heading\" data-id=\"5cd2609\" data-element_type=\"widget\" data-e-type=\"widget\" data-widget_type=\"heading.default\">\n\t\t\t\t<div class=\"elementor-widget-container\">\n\t\t\t\t\t<h2 class=\"elementor-heading-title elementor-size-default\">Directorio de Promoci\u00f3n de Empresas\/Emprendimientos<\/h2>\t\t\t\t<\/div>\n\t\t\t\t<\/div>\n\t\t\t\t\t<\/div>\n\t\t\t\t<\/div>\n\t\t<div class=\"elementor-element elementor-element-e8db1bf e-flex e-con-boxed e-con e-parent\" data-id=\"e8db1bf\" data-element_type=\"container\" data-e-type=\"container\">\n\t\t\t\t\t<div class=\"e-con-inner\">\n\t\t\t\t<div class=\"elementor-element elementor-element-261de52 elementor-widget elementor-widget-text-editor\" data-id=\"261de52\" data-element_type=\"widget\" data-e-type=\"widget\" data-widget_type=\"text-editor.default\">\n\t\t\t\t<div class=\"elementor-widget-container\">\n\t\t\t\t\t\t\t\t\t<p dir=\"auto\" style=\"white-space-collapse: preserve;\">Secci\u00f3n de Promoci\u00f3n de Emprendimientos Uruguayos<\/p><p dir=\"auto\" style=\"white-space-collapse: preserve;\">Importante: El Consulado General de Uruguay en Barcelona difunde informaci\u00f3n sobre empresas y emprendimientos liderados por ciudadanos uruguayos como un servicio a la comunidad, con el objetivo de fomentar el networking y la visibilidad de la di\u00e1spora uruguaya.<\/p><p dir=\"auto\" style=\"white-space-collapse: preserve;\">El Consulado no presta garant\u00eda alguna sobre la calidad, veracidad, confiabilidad o legalidad de los servicios o productos ofrecidos por las empresas aqu\u00ed publicadas. La inclusi\u00f3n en esta secci\u00f3n no implica respaldo, recomendaci\u00f3n ni responsabilidad alguna por parte del Consulado.<\/p><p dir=\"auto\" style=\"white-space-collapse: preserve;\">Los usuarios deben realizar su propia verificaci\u00f3n y asumir toda la responsabilidad en sus relaciones comerciales. El Consulado no ser\u00e1 responsable por da\u00f1os, perjuicios, estafas o cualquier inconveniente derivado del contacto con estas empresas.<\/p><p dir=\"auto\" style=\"white-space-collapse: preserve;\">Si tienes inter\u00e9s de que tu emprendimiento o empresa se promocione aqu\u00ed puedes escribir a cgbarcelona@mrree.gub.uy<\/p>\t\t\t\t\t\t\t\t<\/div>\n\t\t\t\t<\/div>\n\t\t\t\t\t<\/div>\n\t\t\t\t<\/div>\n\t\t<div class=\"elementor-element elementor-element-a18beb6 e-flex e-con-boxed e-con e-parent\" data-id=\"a18beb6\" data-element_type=\"container\" data-e-type=\"container\">\n\t\t\t\t\t<div class=\"e-con-inner\">\n\t\t\t\t<div class=\"elementor-element elementor-element-a97588a elementor-widget elementor-widget-hivepress-vendor-search-form\" data-id=\"a97588a\" data-element_type=\"widget\" data-e-type=\"widget\" data-widget_type=\"hivepress-vendor-search-form.default\">\n\t\t\t\t<div class=\"elementor-widget-container\">\n\t\t\t\t\t<form class=\"hp-form--wide hp-form--primary hp-block hp-form hp-form--vendor-search\" action=\"https:\/\/consuladouy-bcn.es\/httpdocs\" method=\"GET\" data-component=\"form\"><div class=\"hp-form__messages\" data-component=\"messages\"><\/div><div class=\"hp-form__fields\"><input type=\"hidden\" name=\"post_type\" value=\"hp_vendor\" class=\"hp-field hp-field--hidden\"><select name=\"_category\" class=\"hp-field hp-field--hidden\"><option value=\"\">Todas las categor\u00edas<\/option><\/select><div class=\"hp-form__field hp-form__field--search\"><input type=\"search\" name=\"s\" value=\"\" placeholder=\"Palabras clave\" maxlength=\"256\" class=\"hp-field hp-field--search\"><\/div><\/div><div class=\"hp-form__footer\"><button type=\"submit\" class=\"hp-form__button button-primary alt button hp-field hp-field--submit\"><span>Buscar<\/span><\/button><\/div><\/form>\t\t\t\t<\/div>\n\t\t\t\t<\/div>\n\t\t\t\t\t<\/div>\n\t\t\t\t<\/div>\n\t\t<div class=\"elementor-element elementor-element-5aa9611 e-flex e-con-boxed e-con e-parent\" data-id=\"5aa9611\" data-element_type=\"container\" data-e-type=\"container\">\n\t\t\t\t\t<div class=\"e-con-inner\">\n\t\t\t\t<div class=\"elementor-element elementor-element-444d9cc elementor-widget elementor-widget-hivepress-vendors\" data-id=\"444d9cc\" data-element_type=\"widget\" data-e-type=\"widget\" data-widget_type=\"hivepress-vendors.default\">\n\t\t\t\t<div class=\"elementor-widget-container\">\n\t\t\t\t\t<div class=\"hp-vendors hp-block hp-grid\"><div class=\"hp-row\"><div class=\"hp-grid__item hp-col-sm-3 hp-col-xs-12\"><article class=\"hp-vendor hp-vendor--view-block\"><header class=\"hp-vendor__header\"><div class=\"hp-vendor__image\">\n\t<a href=\"https:\/\/consuladouy-bcn.es\/httpdocs\/vendor\/mima-terra\/\">\n\t\t\t\t\t<img decoding=\"async\" src=\"https:\/\/consuladouy-bcn.es\/wp-content\/uploads\/2026\/03\/LOGO-MIMA-TERRA-400x400.png\" alt=\"Mima Terra\" loading=\"lazy\">\n\t\t\t<\/a>\n<\/div>\n<\/header><div class=\"hp-vendor__content\"><h4 class=\"hp-vendor__name\"><a href=\"https:\/\/consuladouy-bcn.es\/httpdocs\/vendor\/mima-terra\/\">Mima Terra<\/a>\n<\/h4><div class=\"hp-vendor__details hp-vendor__details--primary\"><time class=\"hp-vendor__registered-date hp-vendor__date hp-meta\" datetime=\"2026-03-30 14:19:16\">\n\tMiembro desde 30\/03\/2026<\/time>\n<\/div><\/div><footer class=\"hp-vendor__footer\"><div class=\"hp-vendor__actions hp-vendor__actions--primary\"><\/div><\/footer><\/article><\/div><div class=\"hp-grid__item hp-col-sm-3 hp-col-xs-12\"><article class=\"hp-vendor hp-vendor--view-block\"><header class=\"hp-vendor__header\"><div class=\"hp-vendor__image\">\n\t<a href=\"https:\/\/consuladouy-bcn.es\/httpdocs\/vendor\/aunclickdedistancia\/\">\n\t\t\t\t\t<img decoding=\"async\" src=\"https:\/\/consuladouy-bcn.es\/wp-content\/uploads\/2025\/12\/cropped-logo-click.png-400x400.webp\" alt=\"Aunclickdedistancia\" loading=\"lazy\">\n\t\t\t<\/a>\n<\/div>\n<\/header><div class=\"hp-vendor__content\"><h4 class=\"hp-vendor__name\"><a href=\"https:\/\/consuladouy-bcn.es\/httpdocs\/vendor\/aunclickdedistancia\/\">Aunclickdedistancia<\/a>\n<\/h4><div class=\"hp-vendor__details hp-vendor__details--primary\"><time class=\"hp-vendor__registered-date hp-vendor__date hp-meta\" datetime=\"2025-12-01 00:30:09\">\n\tMiembro desde 01\/12\/2025<\/time>\n<\/div><\/div><footer class=\"hp-vendor__footer\"><div class=\"hp-vendor__actions hp-vendor__actions--primary\"><\/div><\/footer><\/article><\/div><div class=\"hp-grid__item hp-col-sm-3 hp-col-xs-12\"><article class=\"hp-vendor hp-vendor--view-block\"><header class=\"hp-vendor__header\"><div class=\"hp-vendor__image\">\n\t<a href=\"https:\/\/consuladouy-bcn.es\/httpdocs\/vendor\/la-quereria\/\">\n\t\t\t\t\t<img decoding=\"async\" src=\"https:\/\/consuladouy-bcn.es\/wp-content\/uploads\/2025\/12\/Logotipo-01-1.png\" alt=\"La Querer\u00eda\" loading=\"lazy\">\n\t\t\t<\/a>\n<\/div>\n<\/header><div class=\"hp-vendor__content\"><h4 class=\"hp-vendor__name\"><a href=\"https:\/\/consuladouy-bcn.es\/httpdocs\/vendor\/la-quereria\/\">La Querer\u00eda<\/a>\n<\/h4><div class=\"hp-vendor__details hp-vendor__details--primary\"><time class=\"hp-vendor__registered-date hp-vendor__date hp-meta\" datetime=\"2025-12-01 00:11:44\">\n\tMiembro desde 01\/12\/2025<\/time>\n<\/div><\/div><footer class=\"hp-vendor__footer\"><div class=\"hp-vendor__actions hp-vendor__actions--primary\"><\/div><\/footer><\/article><\/div><div class=\"hp-grid__item hp-col-sm-3 hp-col-xs-12\"><article class=\"hp-vendor hp-vendor--view-block\"><header class=\"hp-vendor__header\"><div class=\"hp-vendor__image\">\n\t<a href=\"https:\/\/consuladouy-bcn.es\/httpdocs\/vendor\/link-and-live\/\">\n\t\t\t\t\t<img decoding=\"async\" src=\"https:\/\/consuladouy-bcn.es\/wp-content\/uploads\/2025\/11\/LOGO-LINK-AND-LIVE-1-400x400.png\" alt=\"Link and Live\" loading=\"lazy\">\n\t\t\t<\/a>\n<\/div>\n<\/header><div class=\"hp-vendor__content\"><h4 class=\"hp-vendor__name\"><a href=\"https:\/\/consuladouy-bcn.es\/httpdocs\/vendor\/link-and-live\/\">Link and Live<\/a>\n<\/h4><div class=\"hp-vendor__details hp-vendor__details--primary\"><time class=\"hp-vendor__registered-date hp-vendor__date hp-meta\" datetime=\"2025-11-30 21:27:27\">\n\tMiembro desde 30\/11\/2025<\/time>\n<\/div><\/div><footer class=\"hp-vendor__footer\"><div class=\"hp-vendor__actions hp-vendor__actions--primary\"><\/div><\/footer><\/article><\/div><div class=\"hp-grid__item hp-col-sm-3 hp-col-xs-12\"><article class=\"hp-vendor hp-vendor--view-block\"><header class=\"hp-vendor__header\"><div class=\"hp-vendor__image\">\n\t<a href=\"https:\/\/consuladouy-bcn.es\/httpdocs\/vendor\/industrial-pizzeria\/\">\n\t\t\t\t\t<img decoding=\"async\" src=\"https:\/\/consuladouy-bcn.es\/wp-content\/uploads\/2025\/11\/Logo-1-400x400.jpg\" alt=\"Industrial Pizzeria\" loading=\"lazy\">\n\t\t\t<\/a>\n<\/div>\n<\/header><div class=\"hp-vendor__content\"><h4 class=\"hp-vendor__name\"><a href=\"https:\/\/consuladouy-bcn.es\/httpdocs\/vendor\/industrial-pizzeria\/\">Industrial Pizzeria<\/a>\n<\/h4><div class=\"hp-vendor__details hp-vendor__details--primary\"><time class=\"hp-vendor__registered-date hp-vendor__date hp-meta\" datetime=\"2025-11-17 18:53:01\">\n\tMiembro desde 17\/11\/2025<\/time>\n<\/div><\/div><footer class=\"hp-vendor__footer\"><div class=\"hp-vendor__actions hp-vendor__actions--primary\"><\/div><\/footer><\/article><\/div><div class=\"hp-grid__item hp-col-sm-3 hp-col-xs-12\"><article class=\"hp-vendor hp-vendor--view-block\"><header class=\"hp-vendor__header\"><div class=\"hp-vendor__image\">\n\t<a href=\"https:\/\/consuladouy-bcn.es\/httpdocs\/vendor\/ogreat-comunicacion-marketing\/\">\n\t\t\t\t\t<img decoding=\"async\" src=\"https:\/\/consuladouy-bcn.es\/wp-content\/uploads\/2025\/11\/logo-400x352.jpg\" alt=\"OGreat Comunicaci\u00f3n &amp; Marketing\" loading=\"lazy\">\n\t\t\t<\/a>\n<\/div>\n<\/header><div class=\"hp-vendor__content\"><h4 class=\"hp-vendor__name\"><a href=\"https:\/\/consuladouy-bcn.es\/httpdocs\/vendor\/ogreat-comunicacion-marketing\/\">OGreat Comunicaci\u00f3n &amp; Marketing<\/a>\n<\/h4><div class=\"hp-vendor__details hp-vendor__details--primary\"><time class=\"hp-vendor__registered-date hp-vendor__date hp-meta\" datetime=\"2025-11-13 14:11:32\">\n\tMiembro desde 13\/11\/2025<\/time>\n<\/div><\/div><footer class=\"hp-vendor__footer\"><div class=\"hp-vendor__actions hp-vendor__actions--primary\"><\/div><\/footer><\/article><\/div><div class=\"hp-grid__item hp-col-sm-3 hp-col-xs-12\"><article class=\"hp-vendor hp-vendor--view-block\"><header class=\"hp-vendor__header\"><div class=\"hp-vendor__image\">\n\t<a href=\"https:\/\/consuladouy-bcn.es\/httpdocs\/vendor\/mundo-carnes\/\">\n\t\t\t\t\t<img decoding=\"async\" src=\"https:\/\/consuladouy-bcn.es\/wp-content\/uploads\/2025\/11\/image001.jpg\" alt=\"Mundo Carnes\" loading=\"lazy\">\n\t\t\t<\/a>\n<\/div>\n<\/header><div class=\"hp-vendor__content\"><h4 class=\"hp-vendor__name\"><a href=\"https:\/\/consuladouy-bcn.es\/httpdocs\/vendor\/mundo-carnes\/\">Mundo Carnes<\/a>\n<\/h4><div class=\"hp-vendor__details hp-vendor__details--primary\"><time class=\"hp-vendor__registered-date hp-vendor__date hp-meta\" datetime=\"2025-11-13 14:03:22\">\n\tMiembro desde 13\/11\/2025<\/time>\n<\/div><\/div><footer class=\"hp-vendor__footer\"><div class=\"hp-vendor__actions hp-vendor__actions--primary\"><\/div><\/footer><\/article><\/div><div class=\"hp-grid__item hp-col-sm-3 hp-col-xs-12\"><article class=\"hp-vendor hp-vendor--view-block\"><header class=\"hp-vendor__header\"><div class=\"hp-vendor__image\">\n\t<a href=\"https:\/\/consuladouy-bcn.es\/httpdocs\/vendor\/gaucho-power\/\">\n\t\t\t\t\t<img decoding=\"async\" src=\"https:\/\/consuladouy-bcn.es\/wp-content\/uploads\/2025\/11\/1000362890-400x400.jpg\" alt=\"Gaucho Power\" loading=\"lazy\">\n\t\t\t<\/a>\n<\/div>\n<\/header><div class=\"hp-vendor__content\"><h4 class=\"hp-vendor__name\"><a href=\"https:\/\/consuladouy-bcn.es\/httpdocs\/vendor\/gaucho-power\/\">Gaucho Power<\/a>\n<\/h4><div class=\"hp-vendor__details hp-vendor__details--primary\"><time class=\"hp-vendor__registered-date hp-vendor__date hp-meta\" datetime=\"2025-11-12 21:19:10\">\n\tMiembro desde 12\/11\/2025<\/time>\n<\/div><\/div><footer class=\"hp-vendor__footer\"><div class=\"hp-vendor__actions hp-vendor__actions--primary\"><\/div><\/footer><\/article><\/div><div class=\"hp-grid__item hp-col-sm-3 hp-col-xs-12\"><article class=\"hp-vendor hp-vendor--view-block\"><header class=\"hp-vendor__header\"><div class=\"hp-vendor__image\">\n\t<a href=\"https:\/\/consuladouy-bcn.es\/httpdocs\/vendor\/the-monky-lab\/\">\n\t\t\t\t\t<img decoding=\"async\" src=\"https:\/\/consuladouy-bcn.es\/wp-content\/uploads\/2025\/11\/1-400x400.png\" alt=\"The Monky LAB\" loading=\"lazy\">\n\t\t\t<\/a>\n<\/div>\n<\/header><div class=\"hp-vendor__content\"><h4 class=\"hp-vendor__name\"><a href=\"https:\/\/consuladouy-bcn.es\/httpdocs\/vendor\/the-monky-lab\/\">The Monky LAB<\/a>\n<\/h4><div class=\"hp-vendor__details hp-vendor__details--primary\"><time class=\"hp-vendor__registered-date hp-vendor__date hp-meta\" datetime=\"2025-11-12 16:08:13\">\n\tMiembro desde 12\/11\/2025<\/time>\n<\/div><\/div><footer class=\"hp-vendor__footer\"><div class=\"hp-vendor__actions hp-vendor__actions--primary\"><\/div><\/footer><\/article><\/div><div class=\"hp-grid__item hp-col-sm-3 hp-col-xs-12\"><article class=\"hp-vendor hp-vendor--view-block\"><header class=\"hp-vendor__header\"><div class=\"hp-vendor__image\">\n\t<a href=\"https:\/\/consuladouy-bcn.es\/httpdocs\/vendor\/menjunje\/\">\n\t\t\t\t\t<img decoding=\"async\" src=\"https:\/\/consuladouy-bcn.es\/wp-content\/uploads\/2025\/11\/Logo-Menjunje-400x400.png\" alt=\"Menjunje!\" loading=\"lazy\">\n\t\t\t<\/a>\n<\/div>\n<\/header><div class=\"hp-vendor__content\"><h4 class=\"hp-vendor__name\"><a href=\"https:\/\/consuladouy-bcn.es\/httpdocs\/vendor\/menjunje\/\">Menjunje!<\/a>\n<\/h4><div class=\"hp-vendor__details hp-vendor__details--primary\"><time class=\"hp-vendor__registered-date hp-vendor__date hp-meta\" datetime=\"2025-11-12 00:12:20\">\n\tMiembro desde 12\/11\/2025<\/time>\n<\/div><\/div><footer class=\"hp-vendor__footer\"><div class=\"hp-vendor__actions hp-vendor__actions--primary\"><\/div><\/footer><\/article><\/div><div class=\"hp-grid__item hp-col-sm-3 hp-col-xs-12\"><article class=\"hp-vendor hp-vendor--view-block\"><header class=\"hp-vendor__header\"><div class=\"hp-vendor__image\">\n\t<a href=\"https:\/\/consuladouy-bcn.es\/httpdocs\/vendor\/cgbarcelona\/\">\n\t\t\t\t\t<img decoding=\"async\" src=\"https:\/\/consuladouy-bcn.es\/wp-content\/plugins\/hivepress\/assets\/images\/placeholders\/user-square.svg\" alt=\"cgbarcelona\" loading=\"lazy\">\n\t\t\t<\/a>\n<\/div>\n<\/header><div class=\"hp-vendor__content\"><h4 class=\"hp-vendor__name\"><a href=\"https:\/\/consuladouy-bcn.es\/httpdocs\/vendor\/cgbarcelona\/\">cgbarcelona<\/a>\n<\/h4><div class=\"hp-vendor__details hp-vendor__details--primary\"><time class=\"hp-vendor__registered-date hp-vendor__date hp-meta\" datetime=\"2025-11-11 23:49:05\">\n\tMiembro desde 11\/11\/2025<\/time>\n<\/div><\/div><footer class=\"hp-vendor__footer\"><div class=\"hp-vendor__actions hp-vendor__actions--primary\"><\/div><\/footer><\/article><\/div><\/div><\/div>\t\t\t\t<\/div>\n\t\t\t\t<\/div>\n\t\t\t\t\t<\/div>\n\t\t\t\t<\/div>\n\t\t\t\t<\/div>\n\t\t","protected":false},"excerpt":{"rendered":"<p>Directorio de Promoci\u00f3n de Empresas\/Emprendimientos Secci\u00f3n de Promoci\u00f3n de Emprendimientos Uruguayos Importante: El Consulado General de Uruguay en Barcelona difunde informaci\u00f3n sobre empresas y emprendimientos liderados por ciudadanos uruguayos como un servicio a la comunidad, con el objetivo de fomentar el networking y la visibilidad de la di\u00e1spora uruguaya. El Consulado no presta garant\u00eda alguna&#8230;<\/p>\n","protected":false},"author":6445,"featured_media":0,"parent":0,"menu_order":0,"comment_status":"closed","ping_status":"closed","template":"","meta":{"_kad_post_transparent":"","_kad_post_title":"hide","_kad_post_layout":"fullwidth","_kad_post_sidebar_id":"","_kad_post_content_style":"unboxed","_kad_post_vertical_padding":"hide","_kad_post_feature":"hide","_kad_post_feature_position":"","_kad_post_header":false,"_kad_post_footer":false,"footnotes":""},"class_list":["post-11449","page","type-page","status-publish","hentry"],"_links":{"self":[{"href":"https:\/\/consuladouy-bcn.es\/httpdocs\/wp-json\/wp\/v2\/pages\/11449","targetHints":{"allow":["GET"]}}],"collection":[{"href":"https:\/\/consuladouy-bcn.es\/httpdocs\/wp-json\/wp\/v2\/pages"}],"about":[{"href":"https:\/\/consuladouy-bcn.es\/httpdocs\/wp-json\/wp\/v2\/types\/page"}],"author":[{"embeddable":true,"href":"https:\/\/consuladouy-bcn.es\/httpdocs\/wp-json\/wp\/v2\/users\/6445"}],"replies":[{"embeddable":true,"href":"https:\/\/consuladouy-bcn.es\/httpdocs\/wp-json\/wp\/v2\/comments?post=11449"}],"version-history":[{"count":28,"href":"https:\/\/consuladouy-bcn.es\/httpdocs\/wp-json\/wp\/v2\/pages\/11449\/revisions"}],"predecessor-version":[{"id":13109,"href":"https:\/\/consuladouy-bcn.es\/httpdocs\/wp-json\/wp\/v2\/pages\/11449\/revisions\/13109"}],"wp:attachment":[{"href":"https:\/\/consuladouy-bcn.es\/httpdocs\/wp-json\/wp\/v2\/media?parent=11449"}],"curies":[{"name":"wp","href":"https:\/\/api.w.org\/{rel}","templated":true}]}}